{"id":214,"date":"2025-05-14T21:13:25","date_gmt":"2025-05-14T13:13:25","guid":{"rendered":"http:\/\/43.153.15.71\/?page_id=214"},"modified":"2025-05-18T14:21:06","modified_gmt":"2025-05-18T06:21:06","slug":"solution","status":"publish","type":"page","link":"https:\/\/www.masdtjx.com\/de\/solution\/","title":{"rendered":"L\u00f6sung"},"content":{"rendered":"<div data-elementor-type=\"wp-page\" data-elementor-id=\"214\" class=\"elementor elementor-214\" data-elementor-post-type=\"page\">\n\t\t\t\t<div class=\"elementor-element elementor-element-97eef30 e-flex e-con-boxed e-con e-parent\" data-id=\"97eef30\" data-element_type=\"container\" data-settings=\"{&quot;background_background&quot;:&quot;classic&quot;}\">\n\t\t\t\t\t<div class=\"e-con-inner\">\n\t\t\t\t<div class=\"elementor-element elementor-element-25410c6 elementor-widget elementor-widget-heading\" data-id=\"25410c6\" data-element_type=\"widget\" data-widget_type=\"heading.default\">\n\t\t\t\t<div class=\"elementor-widget-container\">\n\t\t\t\t\t<h2 class=\"elementor-heading-title elementor-size-default\">L\u00f6sung<\/h2>\t\t\t\t<\/div>\n\t\t\t\t<\/div>\n\t\t\t\t\t<\/div>\n\t\t\t\t<\/div>\n\t\t<div class=\"elementor-element elementor-element-f7bccee e-flex e-con-boxed e-con e-parent\" data-id=\"f7bccee\" data-element_type=\"container\">\n\t\t\t\t\t<div class=\"e-con-inner\">\n\t\t\t\t<div class=\"elementor-element elementor-element-b7128c3 elementor-widget elementor-widget-heading\" data-id=\"b7128c3\" data-element_type=\"widget\" data-widget_type=\"heading.default\">\n\t\t\t\t<div class=\"elementor-widget-container\">\n\t\t\t\t\t<h2 class=\"elementor-heading-title elementor-size-default\">L\u00f6sung<\/h2>\t\t\t\t<\/div>\n\t\t\t\t<\/div>\n\t\t\t\t<div class=\"elementor-element elementor-element-d694380 elementor-widget elementor-widget-text-editor\" data-id=\"d694380\" data-element_type=\"widget\" data-widget_type=\"text-editor.default\">\n\t\t\t\t<div class=\"elementor-widget-container\">\n\t\t\t\t\t\t\t\t\t<p>Die von unserem Unternehmen hergestellten und gelieferten mechanischen Komponenten finden breite Anwendung in Asphaltfertigern, Stra\u00dfenfr\u00e4sen, Stra\u00dfenverdichtungsmaschinen, Sand- und Kiesbrecheranlagen, Gradern und Asphaltmischanlagen, die die folgenden Hauptprojektarten abdecken: Autobahn- und Schnellstra\u00dfenbau, st\u00e4dtischer Stra\u00dfenbau, Maschinenbau, Parkplatz- und Platzbau, Spezialszenariotechnik und andere unterst\u00fctzende Technik<\/p>\t\t\t\t\t\t\t\t<\/div>\n\t\t\t\t<\/div>\n\t\t\t\t\t<\/div>\n\t\t\t\t<\/div>\n\t\t<div class=\"elementor-element elementor-element-a17fa72 e-flex e-con-boxed e-con e-parent\" data-id=\"a17fa72\" data-element_type=\"container\" data-settings=\"{&quot;background_background&quot;:&quot;classic&quot;}\">\n\t\t\t\t\t<div class=\"e-con-inner\">\n\t\t\t\t<div class=\"elementor-element elementor-element-95049cf elementor-widget elementor-widget-gallery\" data-id=\"95049cf\" data-element_type=\"widget\" data-settings=\"{&quot;columns&quot;:3,&quot;overlay_title&quot;:&quot;caption&quot;,&quot;lazyload&quot;:&quot;yes&quot;,&quot;gallery_layout&quot;:&quot;grid&quot;,&quot;columns_tablet&quot;:2,&quot;columns_mobile&quot;:1,&quot;gap&quot;:{&quot;unit&quot;:&quot;px&quot;,&quot;size&quot;:10,&quot;sizes&quot;:[]},&quot;gap_tablet&quot;:{&quot;unit&quot;:&quot;px&quot;,&quot;size&quot;:10,&quot;sizes&quot;:[]},&quot;gap_mobile&quot;:{&quot;unit&quot;:&quot;px&quot;,&quot;size&quot;:10,&quot;sizes&quot;:[]},&quot;link_to&quot;:&quot;file&quot;,&quot;aspect_ratio&quot;:&quot;3:2&quot;,&quot;overlay_background&quot;:&quot;yes&quot;,&quot;content_hover_animation&quot;:&quot;fade-in&quot;}\" data-widget_type=\"gallery.default\">\n\t\t\t\t<div class=\"elementor-widget-container\">\n\t\t\t\t\t\t\t<div class=\"elementor-gallery__container\">\n\t\t\t\t\t\t\t<a class=\"e-gallery-item elementor-gallery-item elementor-animated-content\" href=\"https:\/\/www.masdtjx.com\/wp-content\/uploads\/2025\/05\/\u56fe\u72471-roen-1.webp\" data-elementor-open-lightbox=\"yes\" data-elementor-lightbox-slideshow=\"95049cf\" data-elementor-lightbox-title=\"\u56fe\u72471-roen\" data-e-action-hash=\"#elementor-action%3Aaction%3Dlightbox%26settings%3DeyJpZCI6Njc4LCJ1cmwiOiJodHRwczpcL1wvd3d3Lm1hc2R0anguY29tXC93cC1jb250ZW50XC91cGxvYWRzXC8yMDI1XC8wNVwvXHU1NmZlXHU3MjQ3MS1yb2VuLTEud2VicCIsInNsaWRlc2hvdyI6Ijk1MDQ5Y2YifQ%3D%3D\">\n\t\t\t\t\t<div class=\"e-gallery-image elementor-gallery-item__image\" data-thumbnail=\"https:\/\/www.masdtjx.com\/wp-content\/uploads\/2025\/05\/\u56fe\u72471-roen-1-300x167.webp\" data-width=\"300\" data-height=\"167\" aria-label=\"\" role=\"img\" ><\/div>\n\t\t\t\t\t\t\t\t\t\t\t<div class=\"elementor-gallery-item__overlay\"><\/div>\n\t\t\t\t\t\t\t\t\t\t\t\t\t\t\t<div class=\"elementor-gallery-item__content\">\n\t\t\t\t\t\t\t\t\t\t\t<\/div>\n\t\t\t\t\t\t\t\t\t<\/a>\n\t\t\t\t\t\t\t<a class=\"e-gallery-item elementor-gallery-item elementor-animated-content\" href=\"https:\/\/www.masdtjx.com\/wp-content\/uploads\/2025\/05\/\u56fe\u72472-roen-1.webp\" data-elementor-open-lightbox=\"yes\" data-elementor-lightbox-slideshow=\"95049cf\" data-elementor-lightbox-title=\"\u56fe\u72472-roen\" data-e-action-hash=\"#elementor-action%3Aaction%3Dlightbox%26settings%3DeyJpZCI6Njc5LCJ1cmwiOiJodHRwczpcL1wvd3d3Lm1hc2R0anguY29tXC93cC1jb250ZW50XC91cGxvYWRzXC8yMDI1XC8wNVwvXHU1NmZlXHU3MjQ3Mi1yb2VuLTEud2VicCIsInNsaWRlc2hvdyI6Ijk1MDQ5Y2YifQ%3D%3D\">\n\t\t\t\t\t<div class=\"e-gallery-image elementor-gallery-item__image\" data-thumbnail=\"https:\/\/www.masdtjx.com\/wp-content\/uploads\/2025\/05\/\u56fe\u72472-roen-1-300x174.webp\" data-width=\"300\" data-height=\"174\" aria-label=\"\" role=\"img\" ><\/div>\n\t\t\t\t\t\t\t\t\t\t\t<div class=\"elementor-gallery-item__overlay\"><\/div>\n\t\t\t\t\t\t\t\t\t\t\t\t\t\t\t<div class=\"elementor-gallery-item__content\">\n\t\t\t\t\t\t\t\t\t\t\t<\/div>\n\t\t\t\t\t\t\t\t\t<\/a>\n\t\t\t\t\t\t\t<a class=\"e-gallery-item elementor-gallery-item elementor-animated-content\" href=\"https:\/\/www.masdtjx.com\/wp-content\/uploads\/2025\/05\/\u56fe\u72473-roen-1.webp\" data-elementor-open-lightbox=\"yes\" data-elementor-lightbox-slideshow=\"95049cf\" data-elementor-lightbox-title=\"\u56fe\u72473-roen\" data-e-action-hash=\"#elementor-action%3Aaction%3Dlightbox%26settings%3DeyJpZCI6NjgwLCJ1cmwiOiJodHRwczpcL1wvd3d3Lm1hc2R0anguY29tXC93cC1jb250ZW50XC91cGxvYWRzXC8yMDI1XC8wNVwvXHU1NmZlXHU3MjQ3My1yb2VuLTEud2VicCIsInNsaWRlc2hvdyI6Ijk1MDQ5Y2YifQ%3D%3D\">\n\t\t\t\t\t<div class=\"e-gallery-image elementor-gallery-item__image\" data-thumbnail=\"https:\/\/www.masdtjx.com\/wp-content\/uploads\/2025\/05\/\u56fe\u72473-roen-1-300x186.webp\" data-width=\"300\" data-height=\"186\" aria-label=\"\" role=\"img\" ><\/div>\n\t\t\t\t\t\t\t\t\t\t\t<div class=\"elementor-gallery-item__overlay\"><\/div>\n\t\t\t\t\t\t\t\t\t\t\t\t\t\t\t<div class=\"elementor-gallery-item__content\">\n\t\t\t\t\t\t\t\t\t\t\t<\/div>\n\t\t\t\t\t\t\t\t\t<\/a>\n\t\t\t\t\t\t\t<a class=\"e-gallery-item elementor-gallery-item elementor-animated-content\" href=\"https:\/\/www.masdtjx.com\/wp-content\/uploads\/2025\/05\/\u56fe\u72474-roen-1.webp\" data-elementor-open-lightbox=\"yes\" data-elementor-lightbox-slideshow=\"95049cf\" data-elementor-lightbox-title=\"\u56fe\u72474-roen\" data-e-action-hash=\"#elementor-action%3Aaction%3Dlightbox%26settings%3DeyJpZCI6NjgxLCJ1cmwiOiJodHRwczpcL1wvd3d3Lm1hc2R0anguY29tXC93cC1jb250ZW50XC91cGxvYWRzXC8yMDI1XC8wNVwvXHU1NmZlXHU3MjQ3NC1yb2VuLTEud2VicCIsInNsaWRlc2hvdyI6Ijk1MDQ5Y2YifQ%3D%3D\">\n\t\t\t\t\t<div class=\"e-gallery-image elementor-gallery-item__image\" data-thumbnail=\"https:\/\/www.masdtjx.com\/wp-content\/uploads\/2025\/05\/\u56fe\u72474-roen-1-300x185.webp\" data-width=\"300\" data-height=\"185\" aria-label=\"\" role=\"img\" ><\/div>\n\t\t\t\t\t\t\t\t\t\t\t<div class=\"elementor-gallery-item__overlay\"><\/div>\n\t\t\t\t\t\t\t\t\t\t\t\t\t\t\t<div class=\"elementor-gallery-item__content\">\n\t\t\t\t\t\t\t\t\t\t\t<\/div>\n\t\t\t\t\t\t\t\t\t<\/a>\n\t\t\t\t\t\t\t<a class=\"e-gallery-item elementor-gallery-item elementor-animated-content\" href=\"https:\/\/www.masdtjx.com\/wp-content\/uploads\/2025\/05\/\u56fe\u72475-roen.webp\" data-elementor-open-lightbox=\"yes\" data-elementor-lightbox-slideshow=\"95049cf\" data-elementor-lightbox-title=\"\u56fe\u72475-roen\" data-e-action-hash=\"#elementor-action%3Aaction%3Dlightbox%26settings%3DeyJpZCI6NjgyLCJ1cmwiOiJodHRwczpcL1wvd3d3Lm1hc2R0anguY29tXC93cC1jb250ZW50XC91cGxvYWRzXC8yMDI1XC8wNVwvXHU1NmZlXHU3MjQ3NS1yb2VuLndlYnAiLCJzbGlkZXNob3ciOiI5NTA0OWNmIn0%3D\">\n\t\t\t\t\t<div class=\"e-gallery-image elementor-gallery-item__image\" data-thumbnail=\"https:\/\/www.masdtjx.com\/wp-content\/uploads\/2025\/05\/\u56fe\u72475-roen-300x173.webp\" data-width=\"300\" data-height=\"173\" aria-label=\"\" role=\"img\" ><\/div>\n\t\t\t\t\t\t\t\t\t\t\t<div class=\"elementor-gallery-item__overlay\"><\/div>\n\t\t\t\t\t\t\t\t\t\t\t\t\t\t\t<div class=\"elementor-gallery-item__content\">\n\t\t\t\t\t\t\t\t\t\t\t<\/div>\n\t\t\t\t\t\t\t\t\t<\/a>\n\t\t\t\t\t\t\t<a class=\"e-gallery-item elementor-gallery-item elementor-animated-content\" href=\"https:\/\/www.masdtjx.com\/wp-content\/uploads\/2025\/05\/\u56fe\u72476-roen.webp\" data-elementor-open-lightbox=\"yes\" data-elementor-lightbox-slideshow=\"95049cf\" data-elementor-lightbox-title=\"\u56fe\u72476-roen\" data-e-action-hash=\"#elementor-action%3Aaction%3Dlightbox%26settings%3DeyJpZCI6NjgzLCJ1cmwiOiJodHRwczpcL1wvd3d3Lm1hc2R0anguY29tXC93cC1jb250ZW50XC91cGxvYWRzXC8yMDI1XC8wNVwvXHU1NmZlXHU3MjQ3Ni1yb2VuLndlYnAiLCJzbGlkZXNob3ciOiI5NTA0OWNmIn0%3D\">\n\t\t\t\t\t<div class=\"e-gallery-image elementor-gallery-item__image\" data-thumbnail=\"https:\/\/www.masdtjx.com\/wp-content\/uploads\/2025\/05\/\u56fe\u72476-roen-300x199.webp\" data-width=\"300\" data-height=\"199\" aria-label=\"\" role=\"img\" ><\/div>\n\t\t\t\t\t\t\t\t\t\t\t<div class=\"elementor-gallery-item__overlay\"><\/div>\n\t\t\t\t\t\t\t\t\t\t\t\t\t\t\t<div class=\"elementor-gallery-item__content\">\n\t\t\t\t\t\t\t\t\t\t\t<\/div>\n\t\t\t\t\t\t\t\t\t<\/a>\n\t\t\t\t\t<\/div>\n\t\t\t\t\t<\/div>\n\t\t\t\t<\/div>\n\t\t\t\t\t<\/div>\n\t\t\t\t<\/div>\n\t\t\t\t<\/div>","protected":false},"excerpt":{"rendered":"<p>Solution The mechanical components produced and supplied by our company are widely used in asphalt pavers, road milling machines, road compaction machines, sand and gravel crusher production lines, graders, and asphalt mixing plants, covering the following main types of projects: highway and expressway engineering, urban road engineering, machinery yard pavement engineering, parking lot and square [&hellip;]<\/p>","protected":false},"author":1,"featured_media":0,"parent":0,"menu_order":0,"comment_status":"closed","ping_status":"closed","template":"","meta":{"_acf_changed":false,"footnotes":""},"class_list":["post-214","page","type-page","status-publish","hentry"],"acf":[],"_links":{"self":[{"href":"https:\/\/www.masdtjx.com\/de\/wp-json\/wp\/v2\/pages\/214","targetHints":{"allow":["GET"]}}],"collection":[{"href":"https:\/\/www.masdtjx.com\/de\/wp-json\/wp\/v2\/pages"}],"about":[{"href":"https:\/\/www.masdtjx.com\/de\/wp-json\/wp\/v2\/types\/page"}],"author":[{"embeddable":true,"href":"https:\/\/www.masdtjx.com\/de\/wp-json\/wp\/v2\/users\/1"}],"replies":[{"embeddable":true,"href":"https:\/\/www.masdtjx.com\/de\/wp-json\/wp\/v2\/comments?post=214"}],"version-history":[{"count":19,"href":"https:\/\/www.masdtjx.com\/de\/wp-json\/wp\/v2\/pages\/214\/revisions"}],"predecessor-version":[{"id":686,"href":"https:\/\/www.masdtjx.com\/de\/wp-json\/wp\/v2\/pages\/214\/revisions\/686"}],"wp:attachment":[{"href":"https:\/\/www.masdtjx.com\/de\/wp-json\/wp\/v2\/media?parent=214"}],"curies":[{"name":"wp","href":"https:\/\/api.w.org\/{rel}","templated":true}]}}