{"id":1000,"date":"2025-05-27T16:46:04","date_gmt":"2025-05-27T08:46:04","guid":{"rendered":"https:\/\/www.masdtjx.com\/?post_type=product&#038;p=1000"},"modified":"2025-05-28T11:53:34","modified_gmt":"2025-05-28T03:53:34","slug":"screed-plate-repair-kit","status":"publish","type":"product","link":"https:\/\/www.masdtjx.com\/de\/product\/screed-plate-repair-kit\/","title":{"rendered":"Estrichplatten-Reparaturset"},"content":{"rendered":"<p>Die Abstreifplatte ist das Herzst\u00fcck des Asphaltfertigers, das sich direkt auf die Gl\u00e4tte und die Einbauqualit\u00e4t der Fahrbahnoberfl\u00e4che auswirkt. Nach langem Gebrauch ist die Bodenplatte anf\u00e4llig f\u00fcr Verschlei\u00df, Verformung oder lockere Schrauben und muss regelm\u00e4\u00dfig gewartet oder ausgetauscht werden. Der Reparatursatz f\u00fcr die B\u00fcgeleisen-Bodenplatte bietet eine Komplettl\u00f6sung f\u00fcr die wichtigsten anf\u00e4lligen Teile, die eine schnelle Reparatur gew\u00e4hrleistet und die Ausfallzeiten reduziert.<\/p>\n\n\n\n<h2 class=\"wp-block-heading\">Bodenplatte des Trichters<\/h2>\n\n\n\n<p>Die verschlei\u00dffeste Bodenplatte des Trichters ist die erste Verteidigungslinie gegen den Verschlei\u00df des Fertigers, und bei der Auswahl sollten die Materialh\u00e4rte, die Temperaturbest\u00e4ndigkeit, die Schlagfestigkeit und die Wartungsfreundlichkeit umfassend ber\u00fccksichtigt werden.<\/p>\n\n\n\n<p>Empfohlene L\u00f6sung:<\/p>\n\n\n\n<p>Konventionelle Konstruktion: Hardox450 legiertes Stahlblech (ausgewogenes Verh\u00e4ltnis zwischen Kosten und Lebensdauer).<\/p>\n\n\n\n<p>Extreme Arbeitsbedingungen: Hartmetall- oder Keramikauskleidung (z. B. SMA-13-Pflaster).<br>Eine regelm\u00e4\u00dfige Wartung kann die Gesamtlebensdauer des Trichters erheblich verl\u00e4ngern und Ausfallzeiten aufgrund von Bodenplattensch\u00e4den vermeiden.<\/p>\n\n\n\n<h2 class=\"wp-block-heading\">Obligatorischer Schutz der Materiallieferkette<\/h2>\n\n\n\n<p>Die Hauptfunktion der Kettenschutzplatte ist der Schutz der Kette, die Stabilisierung des Vorschubs und die Verl\u00e4ngerung der Lebensdauer des Ger\u00e4ts. Bei der Auswahl sollte darauf geachtet werden:<br>Verschlei\u00dffestigkeit (vorzugsweise Hardox oder Wolframkarbid-Auflage);<br>Anti-Stick-Design (PTFE-Beschichtung oder polierte Oberfl\u00e4che);<br>Wartungsfreundlichkeit (modulare Blockstruktur).<br>Eine regelm\u00e4\u00dfige Inspektion und ein regelm\u00e4\u00dfiger Austausch k\u00f6nnen die Wartungskosten f\u00fcr die Kette erheblich senken und die Kontinuit\u00e4t der Konstruktion gew\u00e4hrleisten.<\/p>\n\n\n\n<p><\/p>","protected":false},"featured_media":1161,"template":"","meta":{"_acf_changed":true},"product-category":[17],"class_list":["post-1000","product","type-product","status-publish","has-post-thumbnail","hentry","product-category-asphalt-paver-accessories"],"acf":[],"_links":{"self":[{"href":"https:\/\/www.masdtjx.com\/de\/wp-json\/wp\/v2\/product\/1000","targetHints":{"allow":["GET"]}}],"collection":[{"href":"https:\/\/www.masdtjx.com\/de\/wp-json\/wp\/v2\/product"}],"about":[{"href":"https:\/\/www.masdtjx.com\/de\/wp-json\/wp\/v2\/types\/product"}],"wp:featuredmedia":[{"embeddable":true,"href":"https:\/\/www.masdtjx.com\/de\/wp-json\/wp\/v2\/media\/1161"}],"wp:attachment":[{"href":"https:\/\/www.masdtjx.com\/de\/wp-json\/wp\/v2\/media?parent=1000"}],"wp:term":[{"taxonomy":"product-category","embeddable":true,"href":"https:\/\/www.masdtjx.com\/de\/wp-json\/wp\/v2\/product-category?post=1000"}],"curies":[{"name":"wp","href":"https:\/\/api.w.org\/{rel}","templated":true}]}}