{"id":1094,"date":"2025-05-27T18:40:11","date_gmt":"2025-05-27T10:40:11","guid":{"rendered":"https:\/\/www.masdtjx.com\/?post_type=product&#038;p=1094"},"modified":"2025-05-27T18:40:13","modified_gmt":"2025-05-27T10:40:13","slug":"conveyor-assembly-and-conveyor-chain","status":"publish","type":"product","link":"https:\/\/www.masdtjx.com\/de\/product\/conveyor-assembly-and-conveyor-chain\/","title":{"rendered":"F\u00f6rderanlage und F\u00f6rderkette"},"content":{"rendered":"<p>Die F\u00f6rderwelle (auch F\u00f6rderwelle oder Abstreiferantriebswelle genannt) des Fertigers ist das Herzst\u00fcck des Beschickungssystems. Sie treibt die Abstreiferkette an, die das Asphaltmischgut vom Trichter zum Wendelverteiler transportiert, und sorgt f\u00fcr eine kontinuierliche und gleichm\u00e4\u00dfige Materialzufuhr. Ihre Leistung wirkt sich direkt auf die Einbaug\u00fcte und die Verteilungsqualit\u00e4t des Mischguts aus.<\/p>\n\n\n\n<p>Die F\u00f6rderkette des Fertigers ist das Herzst\u00fcck des Beschickungssystems. Sie ist f\u00fcr die gleichm\u00e4\u00dfige und kontinuierliche F\u00f6rderung des Asphaltmischguts vom Trichter bis zum vorderen Ende des Wendelverteilers verantwortlich und gew\u00e4hrleistet eine gleichm\u00e4\u00dfige Einbaudicke und -dichte. Ihre Leistung wirkt sich direkt auf die Baueffizienz und die Qualit\u00e4t des Belags aus.<\/p>\n\n\n\n<p><\/p>","protected":false},"featured_media":1095,"template":"","meta":{"_acf_changed":true},"product-category":[17],"class_list":["post-1094","product","type-product","status-publish","has-post-thumbnail","hentry","product-category-asphalt-paver-accessories"],"acf":[],"_links":{"self":[{"href":"https:\/\/www.masdtjx.com\/de\/wp-json\/wp\/v2\/product\/1094","targetHints":{"allow":["GET"]}}],"collection":[{"href":"https:\/\/www.masdtjx.com\/de\/wp-json\/wp\/v2\/product"}],"about":[{"href":"https:\/\/www.masdtjx.com\/de\/wp-json\/wp\/v2\/types\/product"}],"wp:featuredmedia":[{"embeddable":true,"href":"https:\/\/www.masdtjx.com\/de\/wp-json\/wp\/v2\/media\/1095"}],"wp:attachment":[{"href":"https:\/\/www.masdtjx.com\/de\/wp-json\/wp\/v2\/media?parent=1094"}],"wp:term":[{"taxonomy":"product-category","embeddable":true,"href":"https:\/\/www.masdtjx.com\/de\/wp-json\/wp\/v2\/product-category?post=1094"}],"curies":[{"name":"wp","href":"https:\/\/api.w.org\/{rel}","templated":true}]}}