{"id":1203,"date":"2025-05-28T12:17:48","date_gmt":"2025-05-28T04:17:48","guid":{"rendered":"https:\/\/www.masdtjx.com\/?post_type=product&#038;p=1203"},"modified":"2025-05-28T12:17:50","modified_gmt":"2025-05-28T04:17:50","slug":"milling-drum-parts","status":"publish","type":"product","link":"https:\/\/www.masdtjx.com\/de\/product\/milling-drum-parts\/","title":{"rendered":"Teile der Fr\u00e4swalze"},"content":{"rendered":"<p>Zu den Hauptkomponenten einer Fr\u00e4swalze geh\u00f6ren der Walzenk\u00f6rper, der Mei\u00dfelhalter, die Schneidwerkzeuge, die Lager, das Antriebssystem usw. Konstruktion und Material wirken sich direkt auf die Fr\u00e4seffizienz und Lebensdauer aus. Durch eine vern\u00fcnftige Auswahl (z. B. Mei\u00dfelmaterial und -anordnung) und regelm\u00e4\u00dfige Wartung kann die Ausfallrate erheblich reduziert und die Bauqualit\u00e4t verbessert werden.<\/p>\n\n\n\n<p><\/p>","protected":false},"featured_media":1204,"template":"","meta":{"_acf_changed":true},"product-category":[18],"class_list":["post-1203","product","type-product","status-publish","has-post-thumbnail","hentry","product-category-road-milling-machine-components"],"acf":[],"_links":{"self":[{"href":"https:\/\/www.masdtjx.com\/de\/wp-json\/wp\/v2\/product\/1203","targetHints":{"allow":["GET"]}}],"collection":[{"href":"https:\/\/www.masdtjx.com\/de\/wp-json\/wp\/v2\/product"}],"about":[{"href":"https:\/\/www.masdtjx.com\/de\/wp-json\/wp\/v2\/types\/product"}],"wp:featuredmedia":[{"embeddable":true,"href":"https:\/\/www.masdtjx.com\/de\/wp-json\/wp\/v2\/media\/1204"}],"wp:attachment":[{"href":"https:\/\/www.masdtjx.com\/de\/wp-json\/wp\/v2\/media?parent=1203"}],"wp:term":[{"taxonomy":"product-category","embeddable":true,"href":"https:\/\/www.masdtjx.com\/de\/wp-json\/wp\/v2\/product-category?post=1203"}],"curies":[{"name":"wp","href":"https:\/\/api.w.org\/{rel}","templated":true}]}}