{"id":1233,"date":"2025-05-28T12:24:28","date_gmt":"2025-05-28T04:24:28","guid":{"rendered":"https:\/\/www.masdtjx.com\/?post_type=product&#038;p=1233"},"modified":"2025-05-28T12:24:30","modified_gmt":"2025-05-28T04:24:30","slug":"material-conveying-device","status":"publish","type":"product","link":"https:\/\/www.masdtjx.com\/de\/product\/material-conveying-device\/","title":{"rendered":"Material-F\u00f6rdereinrichtung"},"content":{"rendered":"<p>(1) Prim\u00e4res F\u00f6rderband<br>Standort: Direkt an den Mahlkammerauslass angeschlossen.<br>Funktion: Entgegennahme von gefr\u00e4stem und zerkleinertem Material und Anheben auf das sekund\u00e4re F\u00f6rderband.<br>Struktur:<br>G\u00fcrtel: Verschlei\u00dffester Gummigurt, rei\u00dffest.<br>Antriebstrommel: Antrieb durch Motor oder Hydraulikmotor.<br>Spannvorrichtung: Stellen Sie die Spannung des Gurtes ein.<br>Abstreifer: verhindert das Anhaften von Material am Band.<br>(2) Austragsf\u00f6rderer<br>Standort: Verbunden mit dem prim\u00e4ren F\u00f6rderband, kann es nach links und rechts schwingen oder sich strecken.<br>Funktion: Genaues Abladen von zerkleinertem Material in Lastwagen oder Stapelbereiche.<br>Merkmal:<br>Hydraulische Einstellung: H\u00f6he und Winkel einstellbar.<br>Skalierbares Design (einige Modelle): Geeignet f\u00fcr verschiedene Lkw-Positionen.<\/p>","protected":false},"featured_media":1234,"template":"","meta":{"_acf_changed":true},"product-category":[18],"class_list":["post-1233","product","type-product","status-publish","has-post-thumbnail","hentry","product-category-road-milling-machine-components"],"acf":[],"_links":{"self":[{"href":"https:\/\/www.masdtjx.com\/de\/wp-json\/wp\/v2\/product\/1233","targetHints":{"allow":["GET"]}}],"collection":[{"href":"https:\/\/www.masdtjx.com\/de\/wp-json\/wp\/v2\/product"}],"about":[{"href":"https:\/\/www.masdtjx.com\/de\/wp-json\/wp\/v2\/types\/product"}],"wp:featuredmedia":[{"embeddable":true,"href":"https:\/\/www.masdtjx.com\/de\/wp-json\/wp\/v2\/media\/1234"}],"wp:attachment":[{"href":"https:\/\/www.masdtjx.com\/de\/wp-json\/wp\/v2\/media?parent=1233"}],"wp:term":[{"taxonomy":"product-category","embeddable":true,"href":"https:\/\/www.masdtjx.com\/de\/wp-json\/wp\/v2\/product-category?post=1233"}],"curies":[{"name":"wp","href":"https:\/\/api.w.org\/{rel}","templated":true}]}}