{"id":1245,"date":"2025-05-28T14:51:16","date_gmt":"2025-05-28T06:51:16","guid":{"rendered":"https:\/\/www.masdtjx.com\/?post_type=product&#038;p=1245"},"modified":"2025-05-28T14:53:14","modified_gmt":"2025-05-28T06:53:14","slug":"walking-system","status":"publish","type":"product","link":"https:\/\/www.masdtjx.com\/de\/product\/walking-system\/","title":{"rendered":"Gehsystem"},"content":{"rendered":"<p>Zu den Kernkomponenten des Fr\u00e4smaschinen-Walking-Systems geh\u00f6ren:<br>Antriebsvorrichtung (Schrittmotor+Getriebe)<br>Gleis\/Reifensystem (St\u00fctzr\u00e4der, Antriebsr\u00e4der, Gleise oder Reifen)<br>Hydraulisches System (Kraft\u00fcbertragung und Steuerung)<br>Steuerungssystem (Manipulation und Automatisierungsregelung)<br>Der Raupentyp eignet sich f\u00fcr schwere Lasten und unebene Fahrbahnen, w\u00e4hrend der Reifentyp eher f\u00fcr schnelle \u00dcberg\u00e4nge auf st\u00e4dtischen Stra\u00dfen geeignet ist. Bei der Wartung sollte besonders darauf geachtet werden:<br>Zustand der Spur\/Reifenabnutzung<br>Zustand von Hydraulik\u00f6l und Dichtungen<br>Schmierung der St\u00fctzr\u00e4der und F\u00fchrungsr\u00e4der<\/p>\n\n\n\n<p><\/p>","protected":false},"featured_media":1258,"template":"","meta":{"_acf_changed":true},"product-category":[18],"class_list":["post-1245","product","type-product","status-publish","has-post-thumbnail","hentry","product-category-road-milling-machine-components"],"acf":[],"_links":{"self":[{"href":"https:\/\/www.masdtjx.com\/de\/wp-json\/wp\/v2\/product\/1245","targetHints":{"allow":["GET"]}}],"collection":[{"href":"https:\/\/www.masdtjx.com\/de\/wp-json\/wp\/v2\/product"}],"about":[{"href":"https:\/\/www.masdtjx.com\/de\/wp-json\/wp\/v2\/types\/product"}],"wp:featuredmedia":[{"embeddable":true,"href":"https:\/\/www.masdtjx.com\/de\/wp-json\/wp\/v2\/media\/1258"}],"wp:attachment":[{"href":"https:\/\/www.masdtjx.com\/de\/wp-json\/wp\/v2\/media?parent=1245"}],"wp:term":[{"taxonomy":"product-category","embeddable":true,"href":"https:\/\/www.masdtjx.com\/de\/wp-json\/wp\/v2\/product-category?post=1245"}],"curies":[{"name":"wp","href":"https:\/\/api.w.org\/{rel}","templated":true}]}}