{"id":1259,"date":"2025-05-28T15:13:47","date_gmt":"2025-05-28T07:13:47","guid":{"rendered":"https:\/\/www.masdtjx.com\/?post_type=product&#038;p=1259"},"modified":"2025-05-28T15:13:49","modified_gmt":"2025-05-28T07:13:49","slug":"electronic-control-components","status":"publish","type":"product","link":"https:\/\/www.masdtjx.com\/de\/product\/electronic-control-components\/","title":{"rendered":"Elektronische Steuerungskomponenten"},"content":{"rendered":"<p>Die Computersteuerung der Fr\u00e4smaschine ist das \"Gehirn\" moderner Fr\u00e4smaschinen und besteht im Wesentlichen aus den folgenden Hauptsteuerungskomponenten:<br>Hauptsteuerger\u00e4t (MCU\/ECU):<br>Zentralbaugruppe (z. B. Siemens S7-SPS)<br>Datenspeichermodul (Speicherung von Konstruktionsparametern und Fehlercodes)<br>Input\/Output-Schnittstellenmodul (Anschluss verschiedener Sensoren)<br>Schnittstelle zwischen Mensch und Computer:<br>Farb-Touchscreen-Display (7-12 Zoll)<br>Multifunktionstastatur (mit wasserdichtem Design)<br>Statusanzeigefeld<br>Sensorisches System:<br>Fr\u00e4stiefen-Sensorgruppe (Ultraschall+Laser redundante Ausf\u00fchrung)<br>Dreidimensionaler Neigungssensor (X\/Y\/Z-Drei-Achsen-Erkennung)<br>Geschwindigkeitssensor (Fr\u00e4swalze, Sch\u00fcttelsystem)<br>Temperatursensorgruppe (Hydraulik\u00f6l, Motor, Lager usw.)<br>Modul zur Ausf\u00fchrungskontrolle:<br>Hydraulische Proportionalventilsteuerung<br>Motor-ECU-Kommunikationsschnittstelle<br>Steuerger\u00e4t f\u00fcr die Gehgeschwindigkeit<br>Positionierungs- und Messsystem:<br>GNSS-Positionierungsmodul (unterst\u00fctzt hochpr\u00e4zise RTK-Positionierung)<br>Schnittstelle f\u00fcr Laserempf\u00e4nger<br>Ultraschall-Entfernungsmesser<br>Datenkommunikationssystem:<br>CAN-Bus-Kommunikationsmodul<br>4G\/5G-Fernkommunikationsterminal<br>Lokales WIFI\/Bluetooth-Kommunikationsmodul<br>Sicherheitsschutzsystem:<br>Not-Aus-Steuerkreis<br>\u00dcberlastschutzmodul<br>Kippalarmanlage<br>Modul f\u00fcr Zusatzfunktionen:<br>Automatisches Schmierungssteuerger\u00e4t<br>Steuerung des Spr\u00fchsystems<br>Steuerung der Beleuchtungsanlage<br>Diese Computer-Steuerkomponenten sind \u00fcber ein industrietaugliches CAN-Bus-Netzwerk miteinander verbunden und bilden ein komplettes digitales Steuersystem, das eine hohe Leistungsf\u00e4higkeit aufweist:<br>Pr\u00e4zise Steuerung der Fr\u00e4stiefe (\u00b1 1mm Genauigkeit)<br>Automatische Neigungskontrolle<br>Intelligente Anpassung der Konstruktionsparameter<br>Fehler-Selbstdiagnose<br>Baudatenerfassung und -analyse<\/p>","protected":false},"featured_media":1260,"template":"","meta":{"_acf_changed":true},"product-category":[18],"class_list":["post-1259","product","type-product","status-publish","has-post-thumbnail","hentry","product-category-road-milling-machine-components"],"acf":[],"_links":{"self":[{"href":"https:\/\/www.masdtjx.com\/de\/wp-json\/wp\/v2\/product\/1259","targetHints":{"allow":["GET"]}}],"collection":[{"href":"https:\/\/www.masdtjx.com\/de\/wp-json\/wp\/v2\/product"}],"about":[{"href":"https:\/\/www.masdtjx.com\/de\/wp-json\/wp\/v2\/types\/product"}],"wp:featuredmedia":[{"embeddable":true,"href":"https:\/\/www.masdtjx.com\/de\/wp-json\/wp\/v2\/media\/1260"}],"wp:attachment":[{"href":"https:\/\/www.masdtjx.com\/de\/wp-json\/wp\/v2\/media?parent=1259"}],"wp:term":[{"taxonomy":"product-category","embeddable":true,"href":"https:\/\/www.masdtjx.com\/de\/wp-json\/wp\/v2\/product-category?post=1259"}],"curies":[{"name":"wp","href":"https:\/\/api.w.org\/{rel}","templated":true}]}}