{"id":1000,"date":"2025-05-27T16:46:04","date_gmt":"2025-05-27T08:46:04","guid":{"rendered":"https:\/\/www.masdtjx.com\/?post_type=product&#038;p=1000"},"modified":"2025-05-28T11:53:34","modified_gmt":"2025-05-28T03:53:34","slug":"screed-plate-repair-kit","status":"publish","type":"product","link":"https:\/\/www.masdtjx.com\/es\/product\/screed-plate-repair-kit\/","title":{"rendered":"kit de reparaci\u00f3n de la placa de la regla"},"content":{"rendered":"<p>La placa inferior de planchado es el componente central de la extendedora de asfalto, que afecta directamente a la suavidad y la calidad de pavimentaci\u00f3n de la superficie de la carretera. Tras un uso prolongado, la placa inferior es propensa al desgaste, la deformaci\u00f3n o los pernos sueltos, y requiere un mantenimiento o sustituci\u00f3n peri\u00f3dicos. El kit de reparaci\u00f3n de la placa inferior de la extendedora proporciona una soluci\u00f3n completa para las principales piezas vulnerables, garantizando una reparaci\u00f3n r\u00e1pida y reduciendo el tiempo de inactividad.<\/p>\n\n\n\n<h2 class=\"wp-block-heading\">Placa inferior de la tolva<\/h2>\n\n\n\n<p>La placa inferior resistente al desgaste de la tolva es la primera l\u00ednea de defensa contra el desgaste de la pavimentadora, y la selecci\u00f3n debe considerar exhaustivamente la dureza del material, la resistencia a la temperatura, la resistencia al impacto y la conveniencia del mantenimiento.<\/p>\n\n\n\n<p>Soluci\u00f3n recomendada:<\/p>\n\n\n\n<p>Construcci\u00f3n convencional: Chapa de acero aleado Hardox450 (equilibrio entre coste y vida \u00fatil).<\/p>\n\n\n\n<p>Condiciones de trabajo extremas: revestimiento de carburo de tungsteno o revestimiento cer\u00e1mico (como el pavimento SMA-13).<br>Un mantenimiento regular puede prolongar considerablemente la vida \u00fatil de la tolva y evitar las p\u00e9rdidas de tiempo de inactividad causadas por el fallo de la placa inferior.<\/p>\n\n\n\n<h2 class=\"wp-block-heading\">Protecci\u00f3n obligatoria de la cadena de suministro de materiales<\/h2>\n\n\n\n<p>La funci\u00f3n principal de la placa protectora de la cadena de la pavimentadora es proteger la cadena, estabilizar la alimentaci\u00f3n y prolongar la vida \u00fatil del equipo. La selecci\u00f3n debe prestar atenci\u00f3n a:<br>Resistencia al desgaste (preferiblemente Hardox o recubrimiento de carburo de tungsteno);<br>Dise\u00f1o antiadherente (revestimiento de PTFE o superficie pulida);<br>Facilidad de mantenimiento (estructura de bloques modulares).<br>La inspecci\u00f3n y sustituci\u00f3n peri\u00f3dicas pueden reducir significativamente los costes de mantenimiento de la cadena y garantizar la continuidad de la construcci\u00f3n.<\/p>\n\n\n\n<p><\/p>","protected":false},"featured_media":1161,"template":"","meta":{"_acf_changed":true},"product-category":[17],"class_list":["post-1000","product","type-product","status-publish","has-post-thumbnail","hentry","product-category-asphalt-paver-accessories"],"acf":[],"_links":{"self":[{"href":"https:\/\/www.masdtjx.com\/es\/wp-json\/wp\/v2\/product\/1000","targetHints":{"allow":["GET"]}}],"collection":[{"href":"https:\/\/www.masdtjx.com\/es\/wp-json\/wp\/v2\/product"}],"about":[{"href":"https:\/\/www.masdtjx.com\/es\/wp-json\/wp\/v2\/types\/product"}],"wp:featuredmedia":[{"embeddable":true,"href":"https:\/\/www.masdtjx.com\/es\/wp-json\/wp\/v2\/media\/1161"}],"wp:attachment":[{"href":"https:\/\/www.masdtjx.com\/es\/wp-json\/wp\/v2\/media?parent=1000"}],"wp:term":[{"taxonomy":"product-category","embeddable":true,"href":"https:\/\/www.masdtjx.com\/es\/wp-json\/wp\/v2\/product-category?post=1000"}],"curies":[{"name":"wp","href":"https:\/\/api.w.org\/{rel}","templated":true}]}}