{"id":1037,"date":"2025-05-27T17:33:51","date_gmt":"2025-05-27T09:33:51","guid":{"rendered":"https:\/\/www.masdtjx.com\/?post_type=product&#038;p=1037"},"modified":"2025-05-28T09:16:38","modified_gmt":"2025-05-28T01:16:38","slug":"spiral-feeding-blade","status":"publish","type":"product","link":"https:\/\/www.masdtjx.com\/es\/product\/spiral-feeding-blade\/","title":{"rendered":"Cuchilla de alimentaci\u00f3n en espiral"},"content":{"rendered":"<ol class=\"wp-block-list\">\n<li>La funci\u00f3n principal de las palas en espiral<br>\u2705 Distribuci\u00f3n uniforme: Transportar la mezcla asf\u00e1ltica horizontalmente durante la rotaci\u00f3n para evitar acumulaciones o segregaciones.<br>Control del espesor de extendido: Ajustando la velocidad y la altura de la cuchilla, ad\u00e1ptese a los requisitos de pavimentaci\u00f3n de diferentes espesores (3-30cm).<br>\u2705 Reducir la segregaci\u00f3n del material: La optimizaci\u00f3n del dise\u00f1o de las palas puede evitar la separaci\u00f3n de \u00e1ridos gruesos y finos y mejorar la uniformidad de la superficie de la carretera.<br>\u2705 Adecuado para diferentes mezclas: Adecuado para asfalto ordinario, SMA (Masilla asf\u00e1ltica), asfalto modificado y otros materiales.<\/li>\n\n\n\n<li>Tipos y caracter\u00edsticas de las palas en espiral<br>Caracter\u00edsticas del tipo Escenarios aplicables<br>La estructura de la cuchilla recta est\u00e1ndar es sencilla, de bajo coste y tiene una gran universalidad. Pavimento de asfalto ordinario (AC-13\/20)<br>Doble el extremo de la cuchilla para mejorar el efecto de tejido del borde y reducir la segregaci\u00f3n durante el esparcimiento ancho (\u2265 8 m).<br>Las cuchillas reversibles pueden utilizarse tanto para la rotaci\u00f3n hacia delante como hacia atr\u00e1s, y la direcci\u00f3n puede cambiarse despu\u00e9s del desgaste para prolongar la vida \u00fatil en condiciones de alto desgaste (como el extendido SMA).<br>La superficie de la hoja de aleaci\u00f3n resistente al desgaste est\u00e1 soldada con una aleaci\u00f3n dura (como el carburo de tungsteno), que aumenta la vida \u00fatil entre 2 y 3 veces con una mezcla que contiene \u00e1ridos gruesos<br>Dise\u00f1o modular de hoja segmentada, f\u00e1cil sustituci\u00f3n de piezas individuales, reduce los costes de mantenimiento de grandes extendedoras (como Vogel)<\/li>\n\n\n\n<li>Principales par\u00e1metros de rendimiento<br>textura del material:<\/li>\n<\/ol>\n\n\n\n<p>Versi\u00f3n b\u00e1sica: acero con alto contenido en carbono 60Mn, 65Mn (dureza HRC45-50).<\/p>\n\n\n\n<p>Versi\u00f3n resistente al desgaste: acero aleado+revestimiento de carburo de tungsteno (dureza HRC55-60).<\/p>\n\n\n\n<p>Tama\u00f1o:<\/p>\n\n\n\n<p>Di\u00e1metro: normalmente 200~400 mm (seg\u00fan el modelo de pavimentadora).<\/p>\n\n\n\n<p>Paso: afecta a la velocidad del tejido; suele oscilar entre 150 y 300 mm.<\/p>\n\n\n\n<p>Regulaci\u00f3n de la velocidad:<\/p>\n\n\n\n<p>Generalmente 20~60rpm, debe ajustarse seg\u00fan la velocidad de extendido y el tipo de mezcla.<\/p>","protected":false},"featured_media":1120,"template":"","meta":{"_acf_changed":true},"product-category":[17],"class_list":["post-1037","product","type-product","status-publish","has-post-thumbnail","hentry","product-category-asphalt-paver-accessories"],"acf":[],"_links":{"self":[{"href":"https:\/\/www.masdtjx.com\/es\/wp-json\/wp\/v2\/product\/1037","targetHints":{"allow":["GET"]}}],"collection":[{"href":"https:\/\/www.masdtjx.com\/es\/wp-json\/wp\/v2\/product"}],"about":[{"href":"https:\/\/www.masdtjx.com\/es\/wp-json\/wp\/v2\/types\/product"}],"wp:featuredmedia":[{"embeddable":true,"href":"https:\/\/www.masdtjx.com\/es\/wp-json\/wp\/v2\/media\/1120"}],"wp:attachment":[{"href":"https:\/\/www.masdtjx.com\/es\/wp-json\/wp\/v2\/media?parent=1037"}],"wp:term":[{"taxonomy":"product-category","embeddable":true,"href":"https:\/\/www.masdtjx.com\/es\/wp-json\/wp\/v2\/product-category?post=1037"}],"curies":[{"name":"wp","href":"https:\/\/api.w.org\/{rel}","templated":true}]}}