{"id":1055,"date":"2025-05-27T17:54:43","date_gmt":"2025-05-27T09:54:43","guid":{"rendered":"https:\/\/www.masdtjx.com\/?post_type=product&#038;p=1055"},"modified":"2025-05-28T11:11:27","modified_gmt":"2025-05-28T03:11:27","slug":"computer-operating-system-leveling-system-connecting-cables-electronic-components","status":"publish","type":"product","link":"https:\/\/www.masdtjx.com\/es\/product\/computer-operating-system-leveling-system-connecting-cables-electronic-components\/","title":{"rendered":"Sistema operativo del ordenador sistema de nivelaci\u00f3n cables de conexi\u00f3n componentes electr\u00f3nicos"},"content":{"rendered":"<p>El sistema de control computarizado de la pavimentadora de asfalto es la parte central de la pavimentadora moderna, se utiliza principalmente para el control preciso del espesor de pavimentaci\u00f3n, la suavidad, la temperatura y la trayectoria de conducci\u00f3n, asegurando que la calidad de la construcci\u00f3n cumpla con los requisitos de carreteras de alto grado (como autopistas y pistas de aeropuertos).<\/p>\n\n\n\n<ol class=\"wp-block-list\">\n<li>Composici\u00f3n y funciones del sistema<br>Tecnolog\u00edas clave para las principales funciones del subsistema<br>El sistema de nivelaci\u00f3n autom\u00e1tica detecta la altura del firme en tiempo real mediante sensores, ajusta autom\u00e1ticamente el \u00e1ngulo de elevaci\u00f3n de la planchadora y garantiza un espesor de extendido uniforme. Se utilizan sensores ultras\u00f3nicos\/l\u00e1ser y servocontrol hidr\u00e1ulico.<br>El sistema de control de velocidad constante ajusta autom\u00e1ticamente la velocidad de marcha de la extendedora en funci\u00f3n de la velocidad de alimentaci\u00f3n del cami\u00f3n de material, evitando paradas o acumulaci\u00f3n de material. La transmisi\u00f3n hidr\u00e1ulica el\u00e9ctrica (HST) y el algoritmo PID se utilizan para el control el\u00e9ctrico.<br>El sistema de control de temperatura supervisa la temperatura de la mezcla asf\u00e1ltica en tiempo real para evitar la compactaci\u00f3n insuficiente causada por el extendido a baja temperatura o el envejecimiento del asfalto causado por la alta temperatura. Term\u00f3metro de infrarrojos y termopar<br>El control de tejido en espiral ajusta la velocidad y la direcci\u00f3n del dispensador de tejido en espiral para garantizar una distribuci\u00f3n uniforme de la mezcla, reducir la segregaci\u00f3n y controlar el motor de frecuencia variable y la retroalimentaci\u00f3n de par.<br>Diagn\u00f3stico remoto y soporte GPS para posicionamiento de dispositivos, registro de datos de construcci\u00f3n y diagn\u00f3stico remoto de aver\u00edas (como el sistema Wittgen ErgoPlus) Comunicaci\u00f3n 4G\/5G, Internet de las cosas (IoT)<\/li>\n\n\n\n<li>Tecnolog\u00eda de control central<br>(1) Tecnolog\u00eda de nivelaci\u00f3n autom\u00e1tica<br>Sensor ultras\u00f3nico: detecta la desviaci\u00f3n de la altura del firme (precisi\u00f3n \u00b1 1 mm) y ajusta la placa de planchado mediante un cilindro hidr\u00e1ulico.<\/li>\n<\/ol>\n\n\n\n<p>Dise\u00f1o redundante con varias sondas: Los modelos de gama alta (como el Vogele SUPER 2100-3) est\u00e1n equipados con sensores dobles delanteros y traseros para mejorar la estabilidad.<\/p>\n\n\n\n<p>Control de la pendiente: admite el ajuste autom\u00e1tico de la pendiente horizontal\/vertical (como la pendiente de drenaje 3%~5%).<\/p>\n\n\n\n<p>(2) Velocidad constante y coordinaci\u00f3n de la alimentaci\u00f3n<br>Sensor de nivel: Control en tiempo real de la altura del material mezclado en la tolva, ajuste autom\u00e1tico de la velocidad de marcha y de la velocidad del tejido en espiral.<\/p>\n\n\n\n<p>Emparejamiento din\u00e1mico: Comun\u00edquese con los veh\u00edculos de transporte de asfalto (como las extendedoras Volvo y los camiones de material Mercedes Benz) a trav\u00e9s del bus CAN para lograr operaciones de colaboraci\u00f3n.<\/p>\n\n\n\n<p>(3) Gesti\u00f3n inteligente de la temperatura<br>Control de calefacci\u00f3n por zonas: La tabla de planchar tiene un control independiente de la temperatura en varias zonas (como izquierda\/centro\/derecha) para evitar sobrecalentamientos o enfriamientos locales.<\/p>\n\n\n\n<p>Funci\u00f3n de alarma: Alerta autom\u00e1ticamente al operador si la temperatura supera el rango establecido (como180 \u2103).<\/p>","protected":false},"featured_media":1121,"template":"","meta":{"_acf_changed":true},"product-category":[17],"class_list":["post-1055","product","type-product","status-publish","has-post-thumbnail","hentry","product-category-asphalt-paver-accessories"],"acf":[],"_links":{"self":[{"href":"https:\/\/www.masdtjx.com\/es\/wp-json\/wp\/v2\/product\/1055","targetHints":{"allow":["GET"]}}],"collection":[{"href":"https:\/\/www.masdtjx.com\/es\/wp-json\/wp\/v2\/product"}],"about":[{"href":"https:\/\/www.masdtjx.com\/es\/wp-json\/wp\/v2\/types\/product"}],"wp:featuredmedia":[{"embeddable":true,"href":"https:\/\/www.masdtjx.com\/es\/wp-json\/wp\/v2\/media\/1121"}],"wp:attachment":[{"href":"https:\/\/www.masdtjx.com\/es\/wp-json\/wp\/v2\/media?parent=1055"}],"wp:term":[{"taxonomy":"product-category","embeddable":true,"href":"https:\/\/www.masdtjx.com\/es\/wp-json\/wp\/v2\/product-category?post=1055"}],"curies":[{"name":"wp","href":"https:\/\/api.w.org\/{rel}","templated":true}]}}