{"id":1094,"date":"2025-05-27T18:40:11","date_gmt":"2025-05-27T10:40:11","guid":{"rendered":"https:\/\/www.masdtjx.com\/?post_type=product&#038;p=1094"},"modified":"2025-05-27T18:40:13","modified_gmt":"2025-05-27T10:40:13","slug":"conveyor-assembly-and-conveyor-chain","status":"publish","type":"product","link":"https:\/\/www.masdtjx.com\/es\/product\/conveyor-assembly-and-conveyor-chain\/","title":{"rendered":"Conjunto transportador y cadena transportadora"},"content":{"rendered":"<p>El eje transportador (tambi\u00e9n conocido como eje transportador o eje impulsor del rascador) de la extendedora es el componente de transmisi\u00f3n principal del sistema de alimentaci\u00f3n, responsable de impulsar la cadena del rascador para transportar la mezcla asf\u00e1ltica desde la tolva hasta el distribuidor en espiral, garantizando un suministro de material continuo y uniforme. Su rendimiento afecta directamente a la eficacia del extendido y a la calidad de distribuci\u00f3n de la mezcla.<\/p>\n\n\n\n<p>La cadena transportadora de la extendedora es el componente central de transmisi\u00f3n del sistema de alimentaci\u00f3n, responsable del transporte uniforme y continuo de la mezcla asf\u00e1ltica desde la tolva hasta el extremo delantero del distribuidor en espiral, garantizando la consistencia del espesor y la densidad de extendido. Su rendimiento afecta directamente a la eficacia de la construcci\u00f3n y a la calidad del pavimento.<\/p>\n\n\n\n<p><\/p>","protected":false},"featured_media":1095,"template":"","meta":{"_acf_changed":true},"product-category":[17],"class_list":["post-1094","product","type-product","status-publish","has-post-thumbnail","hentry","product-category-asphalt-paver-accessories"],"acf":[],"_links":{"self":[{"href":"https:\/\/www.masdtjx.com\/es\/wp-json\/wp\/v2\/product\/1094","targetHints":{"allow":["GET"]}}],"collection":[{"href":"https:\/\/www.masdtjx.com\/es\/wp-json\/wp\/v2\/product"}],"about":[{"href":"https:\/\/www.masdtjx.com\/es\/wp-json\/wp\/v2\/types\/product"}],"wp:featuredmedia":[{"embeddable":true,"href":"https:\/\/www.masdtjx.com\/es\/wp-json\/wp\/v2\/media\/1095"}],"wp:attachment":[{"href":"https:\/\/www.masdtjx.com\/es\/wp-json\/wp\/v2\/media?parent=1094"}],"wp:term":[{"taxonomy":"product-category","embeddable":true,"href":"https:\/\/www.masdtjx.com\/es\/wp-json\/wp\/v2\/product-category?post=1094"}],"curies":[{"name":"wp","href":"https:\/\/api.w.org\/{rel}","templated":true}]}}