{"id":1203,"date":"2025-05-28T12:17:48","date_gmt":"2025-05-28T04:17:48","guid":{"rendered":"https:\/\/www.masdtjx.com\/?post_type=product&#038;p=1203"},"modified":"2025-05-28T12:17:50","modified_gmt":"2025-05-28T04:17:50","slug":"milling-drum-parts","status":"publish","type":"product","link":"https:\/\/www.masdtjx.com\/es\/product\/milling-drum-parts\/","title":{"rendered":"Piezas del tambor de fresado"},"content":{"rendered":"<p>Los componentes principales de un tambor de fresado incluyen el cuerpo del tambor, el portaherramientas, las herramientas de corte, los cojinetes, el sistema de transmisi\u00f3n, etc. Su dise\u00f1o y material afectan directamente a la eficacia del fresado y a su vida \u00fatil. Una selecci\u00f3n razonable (como el material y la disposici\u00f3n de las herramientas) y un mantenimiento regular pueden reducir significativamente la tasa de fallos y mejorar la calidad de construcci\u00f3n.<\/p>\n\n\n\n<p><\/p>","protected":false},"featured_media":1204,"template":"","meta":{"_acf_changed":true},"product-category":[18],"class_list":["post-1203","product","type-product","status-publish","has-post-thumbnail","hentry","product-category-road-milling-machine-components"],"acf":[],"_links":{"self":[{"href":"https:\/\/www.masdtjx.com\/es\/wp-json\/wp\/v2\/product\/1203","targetHints":{"allow":["GET"]}}],"collection":[{"href":"https:\/\/www.masdtjx.com\/es\/wp-json\/wp\/v2\/product"}],"about":[{"href":"https:\/\/www.masdtjx.com\/es\/wp-json\/wp\/v2\/types\/product"}],"wp:featuredmedia":[{"embeddable":true,"href":"https:\/\/www.masdtjx.com\/es\/wp-json\/wp\/v2\/media\/1204"}],"wp:attachment":[{"href":"https:\/\/www.masdtjx.com\/es\/wp-json\/wp\/v2\/media?parent=1203"}],"wp:term":[{"taxonomy":"product-category","embeddable":true,"href":"https:\/\/www.masdtjx.com\/es\/wp-json\/wp\/v2\/product-category?post=1203"}],"curies":[{"name":"wp","href":"https:\/\/api.w.org\/{rel}","templated":true}]}}