{"id":1233,"date":"2025-05-28T12:24:28","date_gmt":"2025-05-28T04:24:28","guid":{"rendered":"https:\/\/www.masdtjx.com\/?post_type=product&#038;p=1233"},"modified":"2025-05-28T12:24:30","modified_gmt":"2025-05-28T04:24:30","slug":"material-conveying-device","status":"publish","type":"product","link":"https:\/\/www.masdtjx.com\/es\/product\/material-conveying-device\/","title":{"rendered":"Dispositivo de transporte de material"},"content":{"rendered":"<p>(1) Transportador primario<br>Ubicaci\u00f3n: Directamente conectado a la salida de la c\u00e1mara de fresado.<br>Funci\u00f3n: Recibir los materiales molidos y triturados y elevarlos a la cinta transportadora secundaria.<br>Estructura:<br>Correa: Correa de caucho resistente al desgaste, resistente al desgarro.<br>Tambor motriz: accionado por motor o motor hidr\u00e1ulico.<br>Dispositivo tensor: Ajusta la tensi\u00f3n de la correa.<br>Rascador: impide que el material se adhiera a la cinta.<br>(2) Transportador de descarga<br>Ubicaci\u00f3n: Conectado a la cinta transportadora primaria, puede oscilar a izquierda y derecha o estirarse.<br>Funci\u00f3n: Descargar con precisi\u00f3n los materiales triturados en camiones o zonas de apilamiento.<br>caracter\u00edstica:<br>Ajuste hidr\u00e1ulico: altura y \u00e1ngulo ajustables.<br>Dise\u00f1o escalable (algunos modelos): Adecuado para diferentes posiciones del cami\u00f3n.<\/p>","protected":false},"featured_media":1234,"template":"","meta":{"_acf_changed":true},"product-category":[18],"class_list":["post-1233","product","type-product","status-publish","has-post-thumbnail","hentry","product-category-road-milling-machine-components"],"acf":[],"_links":{"self":[{"href":"https:\/\/www.masdtjx.com\/es\/wp-json\/wp\/v2\/product\/1233","targetHints":{"allow":["GET"]}}],"collection":[{"href":"https:\/\/www.masdtjx.com\/es\/wp-json\/wp\/v2\/product"}],"about":[{"href":"https:\/\/www.masdtjx.com\/es\/wp-json\/wp\/v2\/types\/product"}],"wp:featuredmedia":[{"embeddable":true,"href":"https:\/\/www.masdtjx.com\/es\/wp-json\/wp\/v2\/media\/1234"}],"wp:attachment":[{"href":"https:\/\/www.masdtjx.com\/es\/wp-json\/wp\/v2\/media?parent=1233"}],"wp:term":[{"taxonomy":"product-category","embeddable":true,"href":"https:\/\/www.masdtjx.com\/es\/wp-json\/wp\/v2\/product-category?post=1233"}],"curies":[{"name":"wp","href":"https:\/\/api.w.org\/{rel}","templated":true}]}}