{"id":1245,"date":"2025-05-28T14:51:16","date_gmt":"2025-05-28T06:51:16","guid":{"rendered":"https:\/\/www.masdtjx.com\/?post_type=product&#038;p=1245"},"modified":"2025-05-28T14:53:14","modified_gmt":"2025-05-28T06:53:14","slug":"walking-system","status":"publish","type":"product","link":"https:\/\/www.masdtjx.com\/es\/product\/walking-system\/","title":{"rendered":"sistema de marcha"},"content":{"rendered":"<p>Los componentes principales del sistema de marcha de la fresadora incluyen:<br>Dispositivo de accionamiento (motor de marcha+reductor)<br>Sistema de orugas\/neum\u00e1ticos (ruedas de apoyo, ruedas motrices, orugas o neum\u00e1ticos)<br>Sistema hidr\u00e1ulico (proporciona potencia y control)<br>Sistema de control (regulaci\u00f3n de manipulaci\u00f3n y automatizaci\u00f3n)<br>El tipo oruga es adecuado para cargas pesadas y firmes irregulares, mientras que el tipo neum\u00e1tico es m\u00e1s adecuado para transiciones r\u00e1pidas en v\u00edas urbanas. Durante el mantenimiento, se debe prestar especial atenci\u00f3n a:<br>Estado de desgaste de la pista\/neum\u00e1tico<br>Aceite hidr\u00e1ulico y estado de las juntas<br>Lubricaci\u00f3n de las ruedas de apoyo y las ruedas gu\u00eda<\/p>\n\n\n\n<p><\/p>","protected":false},"featured_media":1258,"template":"","meta":{"_acf_changed":true},"product-category":[18],"class_list":["post-1245","product","type-product","status-publish","has-post-thumbnail","hentry","product-category-road-milling-machine-components"],"acf":[],"_links":{"self":[{"href":"https:\/\/www.masdtjx.com\/es\/wp-json\/wp\/v2\/product\/1245","targetHints":{"allow":["GET"]}}],"collection":[{"href":"https:\/\/www.masdtjx.com\/es\/wp-json\/wp\/v2\/product"}],"about":[{"href":"https:\/\/www.masdtjx.com\/es\/wp-json\/wp\/v2\/types\/product"}],"wp:featuredmedia":[{"embeddable":true,"href":"https:\/\/www.masdtjx.com\/es\/wp-json\/wp\/v2\/media\/1258"}],"wp:attachment":[{"href":"https:\/\/www.masdtjx.com\/es\/wp-json\/wp\/v2\/media?parent=1245"}],"wp:term":[{"taxonomy":"product-category","embeddable":true,"href":"https:\/\/www.masdtjx.com\/es\/wp-json\/wp\/v2\/product-category?post=1245"}],"curies":[{"name":"wp","href":"https:\/\/api.w.org\/{rel}","templated":true}]}}