{"id":1259,"date":"2025-05-28T15:13:47","date_gmt":"2025-05-28T07:13:47","guid":{"rendered":"https:\/\/www.masdtjx.com\/?post_type=product&#038;p=1259"},"modified":"2025-05-28T15:13:49","modified_gmt":"2025-05-28T07:13:49","slug":"electronic-control-components","status":"publish","type":"product","link":"https:\/\/www.masdtjx.com\/es\/product\/electronic-control-components\/","title":{"rendered":"Componentes electr\u00f3nicos de control"},"content":{"rendered":"<p>El sistema de control por ordenador de la fresadora es el \"cerebro\" de las fresadoras modernas, y se compone principalmente de los siguientes componentes centrales de control:<br>Unidad de control principal (MCU\/ECU):<br>M\u00f3dulo de unidad central de proceso (como PLC Siemens serie S7)<br>M\u00f3dulo de almacenamiento de datos (almacenamiento de par\u00e1metros de construcci\u00f3n y c\u00f3digos de aver\u00eda)<br>M\u00f3dulo de interfaz de entrada\/salida (conexi\u00f3n de varios sensores)<br>Interfaz de interacci\u00f3n persona-ordenador:<br>Pantalla t\u00e1ctil en color (7-12 pulgadas)<br>Teclado de funcionamiento multifuncional (con dise\u00f1o impermeable)<br>Panel indicador de estado<br>Sistema de sensores:<br>Grupo de sensores de profundidad de fresado (dise\u00f1o redundante ultras\u00f3nico+l\u00e1ser)<br>Sensor de inclinaci\u00f3n tridimensional (detecci\u00f3n de tres ejes X\/Y\/Z)<br>Sensor de velocidad (tambor de fresado, sistema de marcha)<br>Grupo de sensores de temperatura (aceite hidr\u00e1ulico, motor, cojinetes, etc.)<br>M\u00f3dulo de control de ejecuci\u00f3n:<br>Controlador de v\u00e1lvula proporcional hidr\u00e1ulica<br>Interfaz de comunicaci\u00f3n de la ECU del motor<br>Unidad de control de la velocidad de marcha<br>Sistema de posicionamiento y medici\u00f3n:<br>M\u00f3dulo de posicionamiento GNSS (compatible con el posicionamiento de alta precisi\u00f3n RTK)<br>Interfaz del receptor l\u00e1ser<br>Tel\u00e9metro ultras\u00f3nico<br>Sistema de comunicaci\u00f3n de datos:<br>M\u00f3dulo de comunicaci\u00f3n de bus CAN<br>Terminal de comunicaci\u00f3n a distancia 4G\/5G<br>M\u00f3dulo de comunicaci\u00f3n local WIFI\/Bluetooth<br>Sistema de protecci\u00f3n de seguridad:<br>Circuito de control de parada de emergencia<br>M\u00f3dulo de protecci\u00f3n contra sobrecargas<br>Dispositivo de alarma de inclinaci\u00f3n<br>M\u00f3dulo de funciones auxiliares:<br>Unidad de control de lubricaci\u00f3n autom\u00e1tica<br>Controlador del sistema de pulverizaci\u00f3n<br>Control del sistema de iluminaci\u00f3n<br>Estos componentes de control inform\u00e1tico est\u00e1n interconectados a trav\u00e9s de una red de bus CAN de grado industrial para formar un sistema de control digital completo, que puede lograr:<br>Control preciso de la profundidad de fresado (\u00b1 1 mm de precisi\u00f3n)<br>Control autom\u00e1tico de la pendiente<br>Ajuste inteligente de los par\u00e1metros de construcci\u00f3n<br>autodiagn\u00f3stico de aver\u00edas<br>Registro y an\u00e1lisis de datos de construcci\u00f3n<\/p>","protected":false},"featured_media":1260,"template":"","meta":{"_acf_changed":true},"product-category":[18],"class_list":["post-1259","product","type-product","status-publish","has-post-thumbnail","hentry","product-category-road-milling-machine-components"],"acf":[],"_links":{"self":[{"href":"https:\/\/www.masdtjx.com\/es\/wp-json\/wp\/v2\/product\/1259","targetHints":{"allow":["GET"]}}],"collection":[{"href":"https:\/\/www.masdtjx.com\/es\/wp-json\/wp\/v2\/product"}],"about":[{"href":"https:\/\/www.masdtjx.com\/es\/wp-json\/wp\/v2\/types\/product"}],"wp:featuredmedia":[{"embeddable":true,"href":"https:\/\/www.masdtjx.com\/es\/wp-json\/wp\/v2\/media\/1260"}],"wp:attachment":[{"href":"https:\/\/www.masdtjx.com\/es\/wp-json\/wp\/v2\/media?parent=1259"}],"wp:term":[{"taxonomy":"product-category","embeddable":true,"href":"https:\/\/www.masdtjx.com\/es\/wp-json\/wp\/v2\/product-category?post=1259"}],"curies":[{"name":"wp","href":"https:\/\/api.w.org\/{rel}","templated":true}]}}