{"id":1273,"date":"2025-05-29T09:16:47","date_gmt":"2025-05-29T01:16:47","guid":{"rendered":"https:\/\/www.masdtjx.com\/?post_type=product&#038;p=1273"},"modified":"2025-05-29T09:16:49","modified_gmt":"2025-05-29T01:16:49","slug":"rubber-shock-absorber","status":"publish","type":"product","link":"https:\/\/www.masdtjx.com\/es\/product\/rubber-shock-absorber\/","title":{"rendered":"Amortiguador de goma"},"content":{"rendered":"<ol class=\"wp-block-list\">\n<li>La funci\u00f3n de los amortiguadores<br>Reduce la transmisi\u00f3n de vibraciones: a\u00edsla la vibraci\u00f3n de alta frecuencia de la rueda de vibraci\u00f3n del rodillo, evita la transmisi\u00f3n de vibraciones a la carrocer\u00eda o a la cabina y protege la estructura del equipo y los componentes electr\u00f3nicos.<br>Mejorar el confort operativo: reducir las vibraciones y el ruido que experimenta el conductor, y minimizar la fatiga.<br>Prolongue la vida \u00fatil de los equipos: Reduzca el impacto de las vibraciones en componentes como la carrocer\u00eda, los rodamientos y el sistema hidr\u00e1ulico, y minimice el desgaste.<\/li>\n\n\n\n<li>Tipos comunes<br>Las compuertas de rodillo pueden dividirse en las siguientes categor\u00edas en funci\u00f3n de su dise\u00f1o y principios de funcionamiento:<br>(1) Amortiguador de goma<br>Material: Fabricado en caucho de alta elasticidad o poliuretano.<br>Caracter\u00edsticas: Estructura simple, bajo coste, resistencia a la corrosi\u00f3n, pero propenso al envejecimiento despu\u00e9s de un uso prolongado.<br>Aplicaci\u00f3n: Rodillos peque\u00f1os o escenarios de vibraci\u00f3n de baja frecuencia.<\/li>\n\n\n\n<li>Lugar de instalaci\u00f3n<br>Entre la rueda vibratoria y el bastidor: a\u00edsla las vibraciones de alta frecuencia de la rueda vibratoria.<br>Base de la cabina: reduce las vibraciones transmitidas al operador.<br>Soporte del motor: reduce el impacto de las vibraciones del motor en el fuselaje.<\/li>\n\n\n\n<li>Puntos clave de la selecci\u00f3n<br>Capacidad de carga: Es necesario adecuar el peso y la intensidad de vibraci\u00f3n del rodillo.<br>Gama de frecuencias: Elija el tipo adecuado en funci\u00f3n de la frecuencia de vibraci\u00f3n (como la selecci\u00f3n de amortiguadores hidr\u00e1ulicos para vibraciones de alta frecuencia).<br>Adaptabilidad medioambiental: Hay que tener en cuenta la temperatura, la humedad y la corrosividad (como los materiales resistentes a la niebla salina necesarios para las operaciones junto al mar).<br>Coste de mantenimiento: Las piezas de goma deben sustituirse peri\u00f3dicamente y hay que comprobar la estanqueidad de los amortiguadores hidr\u00e1ulicos.<\/li>\n\n\n\n<li>Mantenimiento y resoluci\u00f3n de problemas<br>Inspecci\u00f3n peri\u00f3dica: Observe si el amortiguador presenta grietas, fugas de aceite (tipo hidr\u00e1ulico) o deformaciones.<br>Limpieza y mantenimiento: Elimine la suciedad superficial y las manchas de aceite para evitar el envejecimiento del caucho.<br>Norma de sustituci\u00f3n: Si el efecto de absorci\u00f3n de impactos disminuye significativamente o hay ruido anormal, debe ser reemplazado de manera oportuna.<br>Defectos comunes:<br>Envejecimiento del caucho: se manifiesta como agrietamiento y endurecimiento.<br>Fuga hidr\u00e1ulica: La fuerza de amortiguaci\u00f3n ha disminuido y es necesario sustituir la junta o el conjunto.<\/li>\n<\/ol>","protected":false},"featured_media":1274,"template":"","meta":{"_acf_changed":true},"product-category":[19],"class_list":["post-1273","product","type-product","status-publish","has-post-thumbnail","hentry","product-category-road-compactor-components"],"acf":[],"_links":{"self":[{"href":"https:\/\/www.masdtjx.com\/es\/wp-json\/wp\/v2\/product\/1273","targetHints":{"allow":["GET"]}}],"collection":[{"href":"https:\/\/www.masdtjx.com\/es\/wp-json\/wp\/v2\/product"}],"about":[{"href":"https:\/\/www.masdtjx.com\/es\/wp-json\/wp\/v2\/types\/product"}],"wp:featuredmedia":[{"embeddable":true,"href":"https:\/\/www.masdtjx.com\/es\/wp-json\/wp\/v2\/media\/1274"}],"wp:attachment":[{"href":"https:\/\/www.masdtjx.com\/es\/wp-json\/wp\/v2\/media?parent=1273"}],"wp:term":[{"taxonomy":"product-category","embeddable":true,"href":"https:\/\/www.masdtjx.com\/es\/wp-json\/wp\/v2\/product-category?post=1273"}],"curies":[{"name":"wp","href":"https:\/\/api.w.org\/{rel}","templated":true}]}}