{"id":969,"date":"2025-05-27T15:52:37","date_gmt":"2025-05-27T07:52:37","guid":{"rendered":"https:\/\/www.masdtjx.com\/?post_type=product&#038;p=969"},"modified":"2025-05-28T11:36:57","modified_gmt":"2025-05-28T03:36:57","slug":"track-shoe-3","status":"publish","type":"product","link":"https:\/\/www.masdtjx.com\/es\/product\/track-shoe-3\/","title":{"rendered":"Placa de carril\u00a0"},"content":{"rendered":"<ol class=\"wp-block-list\">\n<li>Proteger la superficie de la carretera y reducir los da\u00f1os<br>\u2705 Baja presi\u00f3n sobre el suelo: Las zapatas de goma para orugas dispersan el peso del equipo, reducen la presi\u00f3n sobre las superficies sensibles de la carretera, como el asfalto y el hormig\u00f3n, y evitan la formaci\u00f3n de hendiduras o grietas.<br>\u2705 No raya el metal: La superficie de goma no raya el asfalto reci\u00e9n colocado o el suelo endurecido, adecuado para la ingenier\u00eda municipal, la construcci\u00f3n de jardines y otros escenarios.<\/li>\n\n\n\n<li>Amortiguaci\u00f3n y reducci\u00f3n del ruido para aumentar el confort<br>\u2705 Amortiguaci\u00f3n de las vibraciones: La elasticidad del caucho puede absorber el impacto de la marcha de los equipos, reducir la vibraci\u00f3n de la cabina y mejorar el confort operativo.<br>\u2705 Reducen el ruido: En comparaci\u00f3n con las orugas de acero, las de caucho pueden reducir el ruido entre 10 y 15 decibelios, lo que las hace adecuadas para zonas residenciales o construcciones nocturnas.<\/li>\n\n\n\n<li>Excelentes prestaciones antideslizantes<br>\u2705 Mejora la tracci\u00f3n: La superficie de goma puede dise\u00f1arse con dibujos (como en espiga o en bloques) para ofrecer un mejor agarre en superficies mojadas y embarradas.<br>\u2705 Se adaptan a terrenos complejos: En condiciones blandas como la nieve y la arena, las orugas de goma tienen menos probabilidades de resbalar que las de acero.<\/li>\n\n\n\n<li>Ligero, eficiente y de bajo consumo<br>\u2705 Reduce el consumo de energ\u00eda: Las orugas de goma son 20% -30% m\u00e1s ligeras que las de acero, lo que reduce la resistencia a la marcha de los equipos y ahorra consumo de combustible o electricidad.<br>\u2705 Mejora de la movilidad: El dise\u00f1o ligero es especialmente adecuado para peque\u00f1as excavadoras o maquinaria agr\u00edcola, mejorando la eficiencia de la transferencia.<\/li>\n\n\n\n<li>Resistencia a la corrosi\u00f3n y f\u00e1cil mantenimiento<br>\u2705 Resistencia a la corrosi\u00f3n qu\u00edmica: El caucho no se corroe f\u00e1cilmente con la sal, el \u00e1cido, el \u00e1lcali, etc., lo que lo hace adecuado para su uso en zonas costeras o plantas qu\u00edmicas.<br>\u2705 Sin lubricaci\u00f3n: No es necesario a\u00f1adir con frecuencia grasa lubricante como en las orugas de acero, lo que reduce los costes de mantenimiento.<\/li>\n\n\n\n<li>Adaptabilidad a entornos especiales<br>\u2705 Tenacidad a bajas temperaturas: El caucho de alta calidad mantiene la elasticidad a -30 \u2103, evitando el agrietamiento fr\u00e1gil en entornos de fr\u00edo intenso (como el norte de Europa, Canad\u00e1, etc.).<br>\u2705 Estabilidad a altas temperaturas: La f\u00f3rmula de caucho resistente al calor puede soportar temperaturas de la superficie de la carretera por encima de 100 \u2103 durante un corto per\u00edodo de tiempo (como las condiciones de pavimentaci\u00f3n de asfalto).<\/li>\n<\/ol>\n\n\n\n<p><\/p>","protected":false},"featured_media":1118,"template":"","meta":{"_acf_changed":true},"product-category":[17],"class_list":["post-969","product","type-product","status-publish","has-post-thumbnail","hentry","product-category-asphalt-paver-accessories"],"acf":[],"_links":{"self":[{"href":"https:\/\/www.masdtjx.com\/es\/wp-json\/wp\/v2\/product\/969","targetHints":{"allow":["GET"]}}],"collection":[{"href":"https:\/\/www.masdtjx.com\/es\/wp-json\/wp\/v2\/product"}],"about":[{"href":"https:\/\/www.masdtjx.com\/es\/wp-json\/wp\/v2\/types\/product"}],"wp:featuredmedia":[{"embeddable":true,"href":"https:\/\/www.masdtjx.com\/es\/wp-json\/wp\/v2\/media\/1118"}],"wp:attachment":[{"href":"https:\/\/www.masdtjx.com\/es\/wp-json\/wp\/v2\/media?parent=969"}],"wp:term":[{"taxonomy":"product-category","embeddable":true,"href":"https:\/\/www.masdtjx.com\/es\/wp-json\/wp\/v2\/product-category?post=969"}],"curies":[{"name":"wp","href":"https:\/\/api.w.org\/{rel}","templated":true}]}}