{"id":1000,"date":"2025-05-27T16:46:04","date_gmt":"2025-05-27T08:46:04","guid":{"rendered":"https:\/\/www.masdtjx.com\/?post_type=product&#038;p=1000"},"modified":"2025-05-28T11:53:34","modified_gmt":"2025-05-28T03:53:34","slug":"screed-plate-repair-kit","status":"publish","type":"product","link":"https:\/\/www.masdtjx.com\/fr\/product\/screed-plate-repair-kit\/","title":{"rendered":"kit de r\u00e9paration de la plaque de chape"},"content":{"rendered":"<p>La plaque inf\u00e9rieure de repassage est l'\u00e9l\u00e9ment central du finisseur d'asphalte, qui influe directement sur la r\u00e9gularit\u00e9 et la qualit\u00e9 de pose de la surface de la route. Apr\u00e8s une utilisation prolong\u00e9e, la plaque inf\u00e9rieure est sujette \u00e0 l'usure, \u00e0 la d\u00e9formation ou au desserrage des boulons, et n\u00e9cessite un entretien ou un remplacement r\u00e9gulier. Le kit de r\u00e9paration de la plaque inf\u00e9rieure de repassage offre une solution compl\u00e8te pour les principales pi\u00e8ces vuln\u00e9rables, assurant une r\u00e9paration rapide et r\u00e9duisant les temps d'arr\u00eat.<\/p>\n\n\n\n<h2 class=\"wp-block-heading\">Plaque de fond de la tr\u00e9mie<\/h2>\n\n\n\n<p>La plaque de fond r\u00e9sistante \u00e0 l'usure de la tr\u00e9mie est la premi\u00e8re ligne de d\u00e9fense contre l'usure du finisseur, et la s\u00e9lection doit tenir compte de la duret\u00e9 du mat\u00e9riau, de la r\u00e9sistance \u00e0 la temp\u00e9rature, de la r\u00e9sistance aux chocs et de la facilit\u00e9 d'entretien.<\/p>\n\n\n\n<p>Solution recommand\u00e9e :<\/p>\n\n\n\n<p>Construction conventionnelle : Plaque d'acier alli\u00e9 Hardox450 (\u00e9quilibre entre le co\u00fbt et la dur\u00e9e de vie).<\/p>\n\n\n\n<p>Conditions de travail extr\u00eames : rev\u00eatement en carbure de tungst\u00e8ne ou rev\u00eatement en c\u00e9ramique (tel que le rev\u00eatement SMA-13).<br>Un entretien r\u00e9gulier peut prolonger de mani\u00e8re significative la dur\u00e9e de vie globale de la tr\u00e9mie et \u00e9viter les pertes de temps caus\u00e9es par la d\u00e9faillance de la plaque de fond.<\/p>\n\n\n\n<h2 class=\"wp-block-heading\">Protection obligatoire de la cha\u00eene d'approvisionnement en mat\u00e9riaux<\/h2>\n\n\n\n<p>La fonction principale de la plaque de protection de la cha\u00eene du finisseur est de prot\u00e9ger la cha\u00eene, de stabiliser l'alimentation et de prolonger la dur\u00e9e de vie de l'\u00e9quipement. La s\u00e9lection doit tenir compte des \u00e9l\u00e9ments suivants<br>R\u00e9sistance \u00e0 l'usure (de pr\u00e9f\u00e9rence Hardox ou carbure de tungst\u00e8ne) ;<br>Conception anti-collage (rev\u00eatement PTFE ou surface polie) ;<br>Facilit\u00e9 d'entretien (structure modulaire en blocs).<br>Une inspection et un remplacement r\u00e9guliers peuvent r\u00e9duire consid\u00e9rablement les co\u00fbts d'entretien de la cha\u00eene et assurer la continuit\u00e9 de la construction.<\/p>\n\n\n\n<p><\/p>","protected":false},"featured_media":1161,"template":"","meta":{"_acf_changed":true},"product-category":[17],"class_list":["post-1000","product","type-product","status-publish","has-post-thumbnail","hentry","product-category-asphalt-paver-accessories"],"acf":[],"_links":{"self":[{"href":"https:\/\/www.masdtjx.com\/fr\/wp-json\/wp\/v2\/product\/1000","targetHints":{"allow":["GET"]}}],"collection":[{"href":"https:\/\/www.masdtjx.com\/fr\/wp-json\/wp\/v2\/product"}],"about":[{"href":"https:\/\/www.masdtjx.com\/fr\/wp-json\/wp\/v2\/types\/product"}],"wp:featuredmedia":[{"embeddable":true,"href":"https:\/\/www.masdtjx.com\/fr\/wp-json\/wp\/v2\/media\/1161"}],"wp:attachment":[{"href":"https:\/\/www.masdtjx.com\/fr\/wp-json\/wp\/v2\/media?parent=1000"}],"wp:term":[{"taxonomy":"product-category","embeddable":true,"href":"https:\/\/www.masdtjx.com\/fr\/wp-json\/wp\/v2\/product-category?post=1000"}],"curies":[{"name":"wp","href":"https:\/\/api.w.org\/{rel}","templated":true}]}}