{"id":1037,"date":"2025-05-27T17:33:51","date_gmt":"2025-05-27T09:33:51","guid":{"rendered":"https:\/\/www.masdtjx.com\/?post_type=product&#038;p=1037"},"modified":"2025-05-28T09:16:38","modified_gmt":"2025-05-28T01:16:38","slug":"spiral-feeding-blade","status":"publish","type":"product","link":"https:\/\/www.masdtjx.com\/fr\/product\/spiral-feeding-blade\/","title":{"rendered":"Lame d'alimentation en spirale"},"content":{"rendered":"<ol class=\"wp-block-list\">\n<li>La fonction principale des lames h\u00e9lico\u00efdales<br>\u2705 Distribution uniforme : Transporter l'enrob\u00e9 horizontalement pendant la rotation pour \u00e9viter l'accumulation ou la s\u00e9gr\u00e9gation.<br>\u2705 Contr\u00f4le de l'\u00e9paisseur de pose : En r\u00e9glant la vitesse et la hauteur de la lame, s'adapter aux exigences de pavage de diff\u00e9rentes \u00e9paisseurs (3-30cm).<br>\u2705 R\u00e9duire la s\u00e9gr\u00e9gation des mat\u00e9riaux : L'optimisation de la conception des lames peut emp\u00eacher la s\u00e9paration des agr\u00e9gats grossiers et fins et am\u00e9liorer l'uniformit\u00e9 de la surface de la route.<br>\u2705 Convient \u00e0 diff\u00e9rents m\u00e9langes : Convient \u00e0 l'asphalte ordinaire, au SMA (Asphalt Mastic), \u00e0 l'asphalte modifi\u00e9 et \u00e0 d'autres mat\u00e9riaux.<\/li>\n\n\n\n<li>Types et caract\u00e9ristiques des lames en spirale<br>Caract\u00e9ristiques du type Sc\u00e9narios applicables<br>La structure standard de la lame droite est simple, peu co\u00fbteuse et tr\u00e8s universelle. Pose d'asphalte ordinaire (AC-13\/20)<br>Courber l'extr\u00e9mit\u00e9 de la lame pour am\u00e9liorer l'effet de la toile de bordure et r\u00e9duire la s\u00e9gr\u00e9gation lors d'un \u00e9pandage large (\u2265 8m).<br>Les lames r\u00e9versibles peuvent \u00eatre utilis\u00e9es \u00e0 la fois pour la rotation avant et la rotation arri\u00e8re, et le sens peut \u00eatre modifi\u00e9 apr\u00e8s usure pour prolonger la dur\u00e9e de vie dans des conditions d'usure \u00e9lev\u00e9es (telles que la pose de SMA).<br>La surface de la lame en alliage r\u00e9sistant \u00e0 l'usure est soud\u00e9e avec un alliage dur (tel que le carbure de tungst\u00e8ne), ce qui augmente la dur\u00e9e de vie de 2 \u00e0 3 fois avec un m\u00e9lange contenant des agr\u00e9gats grossiers.<br>Conception modulaire de la lame segment\u00e9e, remplacement facile des pi\u00e8ces individuelles, r\u00e9duction des co\u00fbts d'entretien pour les gros finisseurs (tels que Vogel).<\/li>\n\n\n\n<li>Param\u00e8tres cl\u00e9s de performance<br>la texture du mat\u00e9riau :<\/li>\n<\/ol>\n\n\n\n<p>Version de base : acier \u00e0 haute teneur en carbone 60Mn, 65Mn (duret\u00e9 HRC45-50).<\/p>\n\n\n\n<p>Version r\u00e9sistante \u00e0 l'usure : acier alli\u00e9 + rev\u00eatement en carbure de tungst\u00e8ne (duret\u00e9 HRC55-60).<\/p>\n\n\n\n<p>Taille :<\/p>\n\n\n\n<p>Diam\u00e8tre : g\u00e9n\u00e9ralement 200~400mm (en fonction du mod\u00e8le de pav\u00e9).<\/p>\n\n\n\n<p>Le pas : affecte la vitesse du tissu. Il est g\u00e9n\u00e9ralement compris entre 150 et 300 mm.<\/p>\n\n\n\n<p>R\u00e9gulation de la vitesse :<\/p>\n\n\n\n<p>G\u00e9n\u00e9ralement de 20 \u00e0 60 tr\/min, elle doit \u00eatre ajust\u00e9e en fonction de la vitesse de pose et du type de m\u00e9lange.<\/p>","protected":false},"featured_media":1120,"template":"","meta":{"_acf_changed":true},"product-category":[17],"class_list":["post-1037","product","type-product","status-publish","has-post-thumbnail","hentry","product-category-asphalt-paver-accessories"],"acf":[],"_links":{"self":[{"href":"https:\/\/www.masdtjx.com\/fr\/wp-json\/wp\/v2\/product\/1037","targetHints":{"allow":["GET"]}}],"collection":[{"href":"https:\/\/www.masdtjx.com\/fr\/wp-json\/wp\/v2\/product"}],"about":[{"href":"https:\/\/www.masdtjx.com\/fr\/wp-json\/wp\/v2\/types\/product"}],"wp:featuredmedia":[{"embeddable":true,"href":"https:\/\/www.masdtjx.com\/fr\/wp-json\/wp\/v2\/media\/1120"}],"wp:attachment":[{"href":"https:\/\/www.masdtjx.com\/fr\/wp-json\/wp\/v2\/media?parent=1037"}],"wp:term":[{"taxonomy":"product-category","embeddable":true,"href":"https:\/\/www.masdtjx.com\/fr\/wp-json\/wp\/v2\/product-category?post=1037"}],"curies":[{"name":"wp","href":"https:\/\/api.w.org\/{rel}","templated":true}]}}