{"id":1094,"date":"2025-05-27T18:40:11","date_gmt":"2025-05-27T10:40:11","guid":{"rendered":"https:\/\/www.masdtjx.com\/?post_type=product&#038;p=1094"},"modified":"2025-05-27T18:40:13","modified_gmt":"2025-05-27T10:40:13","slug":"conveyor-assembly-and-conveyor-chain","status":"publish","type":"product","link":"https:\/\/www.masdtjx.com\/fr\/product\/conveyor-assembly-and-conveyor-chain\/","title":{"rendered":"Assemblage de convoyeur et cha\u00eene de convoyeur"},"content":{"rendered":"<p>L'arbre de transport (\u00e9galement appel\u00e9 arbre de transport ou arbre d'entra\u00eenement du racleur) du finisseur est le principal composant de transmission du syst\u00e8me d'alimentation. Il est charg\u00e9 d'entra\u00eener la cha\u00eene du racleur pour transporter le m\u00e9lange d'asphalte de la tr\u00e9mie au distributeur en spirale, garantissant ainsi une alimentation continue et uniforme en mat\u00e9riau. Ses performances affectent directement l'efficacit\u00e9 de la pose et la qualit\u00e9 de la distribution du m\u00e9lange.<\/p>\n\n\n\n<p>La cha\u00eene de transport du finisseur est le principal \u00e9l\u00e9ment de transmission du syst\u00e8me d'alimentation. Elle est responsable du transport uniforme et continu de l'enrob\u00e9 depuis la tr\u00e9mie jusqu'\u00e0 l'extr\u00e9mit\u00e9 avant du distributeur en spirale, ce qui garantit l'uniformit\u00e9 de l'\u00e9paisseur et de la densit\u00e9 de la chauss\u00e9e. Ses performances ont une incidence directe sur l'efficacit\u00e9 de la construction et la qualit\u00e9 de la chauss\u00e9e.<\/p>\n\n\n\n<p><\/p>","protected":false},"featured_media":1095,"template":"","meta":{"_acf_changed":true},"product-category":[17],"class_list":["post-1094","product","type-product","status-publish","has-post-thumbnail","hentry","product-category-asphalt-paver-accessories"],"acf":[],"_links":{"self":[{"href":"https:\/\/www.masdtjx.com\/fr\/wp-json\/wp\/v2\/product\/1094","targetHints":{"allow":["GET"]}}],"collection":[{"href":"https:\/\/www.masdtjx.com\/fr\/wp-json\/wp\/v2\/product"}],"about":[{"href":"https:\/\/www.masdtjx.com\/fr\/wp-json\/wp\/v2\/types\/product"}],"wp:featuredmedia":[{"embeddable":true,"href":"https:\/\/www.masdtjx.com\/fr\/wp-json\/wp\/v2\/media\/1095"}],"wp:attachment":[{"href":"https:\/\/www.masdtjx.com\/fr\/wp-json\/wp\/v2\/media?parent=1094"}],"wp:term":[{"taxonomy":"product-category","embeddable":true,"href":"https:\/\/www.masdtjx.com\/fr\/wp-json\/wp\/v2\/product-category?post=1094"}],"curies":[{"name":"wp","href":"https:\/\/api.w.org\/{rel}","templated":true}]}}