{"id":1203,"date":"2025-05-28T12:17:48","date_gmt":"2025-05-28T04:17:48","guid":{"rendered":"https:\/\/www.masdtjx.com\/?post_type=product&#038;p=1203"},"modified":"2025-05-28T12:17:50","modified_gmt":"2025-05-28T04:17:50","slug":"milling-drum-parts","status":"publish","type":"product","link":"https:\/\/www.masdtjx.com\/fr\/product\/milling-drum-parts\/","title":{"rendered":"Pi\u00e8ces du tambour de fraisage"},"content":{"rendered":"<p>Les principaux composants d'un tambour de fraisage comprennent le corps du tambour, le porte-outil, les outils de coupe, les roulements, le syst\u00e8me de transmission, etc. Leur conception et leur mat\u00e9riau ont une incidence directe sur l'efficacit\u00e9 du fraisage et la dur\u00e9e de vie. Une s\u00e9lection raisonnable (mat\u00e9riau et disposition des outils) et un entretien r\u00e9gulier permettent de r\u00e9duire consid\u00e9rablement le taux de d\u00e9faillance et d'am\u00e9liorer la qualit\u00e9 de la construction.<\/p>\n\n\n\n<p><\/p>","protected":false},"featured_media":1204,"template":"","meta":{"_acf_changed":true},"product-category":[18],"class_list":["post-1203","product","type-product","status-publish","has-post-thumbnail","hentry","product-category-road-milling-machine-components"],"acf":[],"_links":{"self":[{"href":"https:\/\/www.masdtjx.com\/fr\/wp-json\/wp\/v2\/product\/1203","targetHints":{"allow":["GET"]}}],"collection":[{"href":"https:\/\/www.masdtjx.com\/fr\/wp-json\/wp\/v2\/product"}],"about":[{"href":"https:\/\/www.masdtjx.com\/fr\/wp-json\/wp\/v2\/types\/product"}],"wp:featuredmedia":[{"embeddable":true,"href":"https:\/\/www.masdtjx.com\/fr\/wp-json\/wp\/v2\/media\/1204"}],"wp:attachment":[{"href":"https:\/\/www.masdtjx.com\/fr\/wp-json\/wp\/v2\/media?parent=1203"}],"wp:term":[{"taxonomy":"product-category","embeddable":true,"href":"https:\/\/www.masdtjx.com\/fr\/wp-json\/wp\/v2\/product-category?post=1203"}],"curies":[{"name":"wp","href":"https:\/\/api.w.org\/{rel}","templated":true}]}}