{"id":1233,"date":"2025-05-28T12:24:28","date_gmt":"2025-05-28T04:24:28","guid":{"rendered":"https:\/\/www.masdtjx.com\/?post_type=product&#038;p=1233"},"modified":"2025-05-28T12:24:30","modified_gmt":"2025-05-28T04:24:30","slug":"material-conveying-device","status":"publish","type":"product","link":"https:\/\/www.masdtjx.com\/fr\/product\/material-conveying-device\/","title":{"rendered":"Dispositif de transport des mat\u00e9riaux"},"content":{"rendered":"<p>(1) Convoyeur primaire<br>Emplacement : Directement reli\u00e9 \u00e0 la sortie de la chambre de broyage.<br>Fonction : Recevoir les mat\u00e9riaux broy\u00e9s et concass\u00e9s et les soulever sur la bande transporteuse secondaire.<br>Structure :<br>Courroie : Courroie en caoutchouc r\u00e9sistant \u00e0 l'usure, r\u00e9sistant \u00e0 la d\u00e9chirure.<br>Tambour d'entra\u00eenement : entra\u00een\u00e9 par un moteur ou un moteur hydraulique.<br>Dispositif de tension : Permet de r\u00e9gler la tension de la courroie.<br>Racleur : emp\u00eache la mati\u00e8re d'adh\u00e9rer \u00e0 la bande.<br>(2) Convoyeur de d\u00e9charge<br>Emplacement : Reli\u00e9 \u00e0 la bande transporteuse primaire, il peut osciller de gauche \u00e0 droite ou s'\u00e9tirer.<br>Fonction : D\u00e9charger avec pr\u00e9cision des mat\u00e9riaux concass\u00e9s dans des camions ou des zones d'empilage.<br>caract\u00e9ristiques :<br>R\u00e9glage hydraulique : hauteur et angle r\u00e9glables.<br>Conception \u00e9volutive (certains mod\u00e8les) : Convient \u00e0 diff\u00e9rentes positions du camion.<\/p>","protected":false},"featured_media":1234,"template":"","meta":{"_acf_changed":true},"product-category":[18],"class_list":["post-1233","product","type-product","status-publish","has-post-thumbnail","hentry","product-category-road-milling-machine-components"],"acf":[],"_links":{"self":[{"href":"https:\/\/www.masdtjx.com\/fr\/wp-json\/wp\/v2\/product\/1233","targetHints":{"allow":["GET"]}}],"collection":[{"href":"https:\/\/www.masdtjx.com\/fr\/wp-json\/wp\/v2\/product"}],"about":[{"href":"https:\/\/www.masdtjx.com\/fr\/wp-json\/wp\/v2\/types\/product"}],"wp:featuredmedia":[{"embeddable":true,"href":"https:\/\/www.masdtjx.com\/fr\/wp-json\/wp\/v2\/media\/1234"}],"wp:attachment":[{"href":"https:\/\/www.masdtjx.com\/fr\/wp-json\/wp\/v2\/media?parent=1233"}],"wp:term":[{"taxonomy":"product-category","embeddable":true,"href":"https:\/\/www.masdtjx.com\/fr\/wp-json\/wp\/v2\/product-category?post=1233"}],"curies":[{"name":"wp","href":"https:\/\/api.w.org\/{rel}","templated":true}]}}