{"id":1245,"date":"2025-05-28T14:51:16","date_gmt":"2025-05-28T06:51:16","guid":{"rendered":"https:\/\/www.masdtjx.com\/?post_type=product&#038;p=1245"},"modified":"2025-05-28T14:53:14","modified_gmt":"2025-05-28T06:53:14","slug":"walking-system","status":"publish","type":"product","link":"https:\/\/www.masdtjx.com\/fr\/product\/walking-system\/","title":{"rendered":"syst\u00e8me de marche"},"content":{"rendered":"<p>Les principaux \u00e9l\u00e9ments du syst\u00e8me de marche de la fraiseuse sont les suivants :<br>Dispositif d'entra\u00eenement (moteur de marche+r\u00e9ducteur)<br>Syst\u00e8me de chenilles\/pneus (roues porteuses, roues motrices, chenilles ou pneus)<br>Syst\u00e8me hydraulique (assurant l'alimentation et le contr\u00f4le)<br>Syst\u00e8me de contr\u00f4le (r\u00e9gulation de la manipulation et de l'automatisation)<br>Le type \u00e0 chenilles convient aux charges lourdes et aux surfaces routi\u00e8res irr\u00e9guli\u00e8res, tandis que le type \u00e0 pneus est plus adapt\u00e9 aux transitions rapides sur les routes urbaines. Lors de l'entretien, il convient d'accorder une attention particuli\u00e8re aux points suivants :<br>\u00c9tat d'usure de la piste\/des pneus<br>Huile hydraulique et \u00e9tat des joints<br>Lubrification des roues porteuses et des roues de guidage<\/p>\n\n\n\n<p><\/p>","protected":false},"featured_media":1258,"template":"","meta":{"_acf_changed":true},"product-category":[18],"class_list":["post-1245","product","type-product","status-publish","has-post-thumbnail","hentry","product-category-road-milling-machine-components"],"acf":[],"_links":{"self":[{"href":"https:\/\/www.masdtjx.com\/fr\/wp-json\/wp\/v2\/product\/1245","targetHints":{"allow":["GET"]}}],"collection":[{"href":"https:\/\/www.masdtjx.com\/fr\/wp-json\/wp\/v2\/product"}],"about":[{"href":"https:\/\/www.masdtjx.com\/fr\/wp-json\/wp\/v2\/types\/product"}],"wp:featuredmedia":[{"embeddable":true,"href":"https:\/\/www.masdtjx.com\/fr\/wp-json\/wp\/v2\/media\/1258"}],"wp:attachment":[{"href":"https:\/\/www.masdtjx.com\/fr\/wp-json\/wp\/v2\/media?parent=1245"}],"wp:term":[{"taxonomy":"product-category","embeddable":true,"href":"https:\/\/www.masdtjx.com\/fr\/wp-json\/wp\/v2\/product-category?post=1245"}],"curies":[{"name":"wp","href":"https:\/\/api.w.org\/{rel}","templated":true}]}}