{"id":1259,"date":"2025-05-28T15:13:47","date_gmt":"2025-05-28T07:13:47","guid":{"rendered":"https:\/\/www.masdtjx.com\/?post_type=product&#038;p=1259"},"modified":"2025-05-28T15:13:49","modified_gmt":"2025-05-28T07:13:49","slug":"electronic-control-components","status":"publish","type":"product","link":"https:\/\/www.masdtjx.com\/fr\/product\/electronic-control-components\/","title":{"rendered":"Composants de contr\u00f4le \u00e9lectronique"},"content":{"rendered":"<p>Le syst\u00e8me de contr\u00f4le informatique de la fraiseuse est le \"cerveau\" des fraiseuses modernes et se compose principalement des \u00e9l\u00e9ments de contr\u00f4le suivants :<br>Unit\u00e9 de contr\u00f4le principale (MCU\/ECU) :<br>Module d'unit\u00e9 centrale (tel que l'automate de la s\u00e9rie S7 de Siemens)<br>Module de stockage des donn\u00e9es (m\u00e9morisation des param\u00e8tres de construction et des codes d'erreur)<br>Module d'interface entr\u00e9e\/sortie (connexion de diff\u00e9rents capteurs)<br>Interface d'interaction homme-machine :<br>\u00c9cran tactile couleur (7-12 pouces)<br>Clavier multifonctionnel (\u00e9tanche)<br>Panneau indicateur d'\u00e9tat<br>Syst\u00e8me de capteurs :<br>Groupe de capteurs de profondeur de fraisage (conception redondante ultrasonique+laser)<br>Capteur d'inclinaison tridimensionnel (d\u00e9tection sur trois axes X\/Y\/Z)<br>Capteur de vitesse (tambour de fraisage, syst\u00e8me de marche)<br>Groupe de capteurs de temp\u00e9rature (huile hydraulique, moteur, roulements, etc.)<br>Module de contr\u00f4le de l'ex\u00e9cution :<br>Contr\u00f4leur de vanne proportionnelle hydraulique<br>Interface de communication avec le calculateur du moteur<br>Unit\u00e9 de contr\u00f4le de la vitesse de marche<br>Syst\u00e8me de positionnement et de mesure :<br>Module de positionnement GNSS (supportant le positionnement RTK de haute pr\u00e9cision)<br>Interface r\u00e9cepteur laser<br>D\u00e9tecteur de distance \u00e0 ultrasons<br>Syst\u00e8me de communication de donn\u00e9es :<br>Module de communication par bus CAN<br>Terminal de communication \u00e0 distance 4G\/5G<br>Module de communication locale WIFI\/Bluetooth<br>Syst\u00e8me de protection de la s\u00e9curit\u00e9 :<br>Circuit de commande d'arr\u00eat d'urgence<br>Module de protection contre les surcharges<br>Dispositif d'alarme de basculement<br>Module de fonction auxiliaire :<br>Unit\u00e9 de contr\u00f4le de la lubrification automatique<br>Contr\u00f4leur de syst\u00e8me de pulv\u00e9risation<br>Contr\u00f4le du syst\u00e8me d'\u00e9clairage<br>Ces composants informatiques de contr\u00f4le sont interconnect\u00e9s par un r\u00e9seau de bus CAN de qualit\u00e9 industrielle pour former un syst\u00e8me de contr\u00f4le num\u00e9rique complet, capable de r\u00e9aliser.. :<br>Contr\u00f4le pr\u00e9cis de la profondeur de fraisage (pr\u00e9cision de \u00b1 1 mm)<br>Contr\u00f4le automatique des pentes<br>R\u00e9glage intelligent des param\u00e8tres de construction<br>autodiagnostic des d\u00e9fauts<br>Enregistrement et analyse des donn\u00e9es de construction<\/p>","protected":false},"featured_media":1260,"template":"","meta":{"_acf_changed":true},"product-category":[18],"class_list":["post-1259","product","type-product","status-publish","has-post-thumbnail","hentry","product-category-road-milling-machine-components"],"acf":[],"_links":{"self":[{"href":"https:\/\/www.masdtjx.com\/fr\/wp-json\/wp\/v2\/product\/1259","targetHints":{"allow":["GET"]}}],"collection":[{"href":"https:\/\/www.masdtjx.com\/fr\/wp-json\/wp\/v2\/product"}],"about":[{"href":"https:\/\/www.masdtjx.com\/fr\/wp-json\/wp\/v2\/types\/product"}],"wp:featuredmedia":[{"embeddable":true,"href":"https:\/\/www.masdtjx.com\/fr\/wp-json\/wp\/v2\/media\/1260"}],"wp:attachment":[{"href":"https:\/\/www.masdtjx.com\/fr\/wp-json\/wp\/v2\/media?parent=1259"}],"wp:term":[{"taxonomy":"product-category","embeddable":true,"href":"https:\/\/www.masdtjx.com\/fr\/wp-json\/wp\/v2\/product-category?post=1259"}],"curies":[{"name":"wp","href":"https:\/\/api.w.org\/{rel}","templated":true}]}}