{"id":969,"date":"2025-05-27T15:52:37","date_gmt":"2025-05-27T07:52:37","guid":{"rendered":"https:\/\/www.masdtjx.com\/?post_type=product&#038;p=969"},"modified":"2025-05-28T11:36:57","modified_gmt":"2025-05-28T03:36:57","slug":"track-shoe-3","status":"publish","type":"product","link":"https:\/\/www.masdtjx.com\/fr\/product\/track-shoe-3\/","title":{"rendered":"Plaque de roulement du finisseur\u00a0"},"content":{"rendered":"<ol class=\"wp-block-list\">\n<li>Prot\u00e9ger la surface de la route et r\u00e9duire les dommages<br>\u2705 Faible pression au sol : Les chaussures de chenilles en caoutchouc dispersent le poids de l'\u00e9quipement, r\u00e9duisent la pression sur les surfaces routi\u00e8res sensibles telles que l'asphalte et le b\u00e9ton, et \u00e9vitent les indentations ou les fissures.<br>\u2705 Pas de rayures sur le m\u00e9tal : La surface en caoutchouc ne raye pas l'asphalte nouvellement pos\u00e9 ou le sol durci, ce qui convient au g\u00e9nie municipal, \u00e0 la construction de jardins et \u00e0 d'autres sc\u00e9narios.<\/li>\n\n\n\n<li>Absorption des chocs et r\u00e9duction du bruit pour un meilleur confort<br>\u2705 Amortir les vibrations : L'\u00e9lasticit\u00e9 du caoutchouc peut absorber l'impact de la marche de l'\u00e9quipement, r\u00e9duire les vibrations de la cabine et am\u00e9liorer le confort op\u00e9rationnel.<br>\u2705 R\u00e9duire le bruit : Par rapport aux chenilles en acier, les chenilles en caoutchouc peuvent r\u00e9duire le bruit de 10 \u00e0 15 d\u00e9cibels, ce qui les rend adapt\u00e9es aux zones r\u00e9sidentielles ou aux travaux de nuit.<\/li>\n\n\n\n<li>Excellente performance antid\u00e9rapante<br>\u2705 Am\u00e9liorer la traction : La surface en caoutchouc peut \u00eatre con\u00e7ue avec des motifs (tels que des chevrons ou des blocs) pour offrir une meilleure adh\u00e9rence sur les surfaces humides et boueuses.<br>\u2705 S'adapter aux terrains complexes : Dans des conditions molles telles que la neige et le sable, les chenilles en caoutchouc sont moins susceptibles de glisser que les chenilles en acier.<\/li>\n\n\n\n<li>L\u00e9ger, \u00e9conome en \u00e9nergie et efficace<br>\u2705 R\u00e9duire la consommation d'\u00e9nergie : Les chenilles en caoutchouc sont 20% -30% plus l\u00e9g\u00e8res que les chenilles en acier, ce qui r\u00e9duit la r\u00e9sistance \u00e0 la marche de l'\u00e9quipement et permet d'\u00e9conomiser du carburant ou de l'\u00e9lectricit\u00e9.<br>\u2705 Am\u00e9lioration de la mobilit\u00e9 : La conception l\u00e9g\u00e8re est particuli\u00e8rement adapt\u00e9e aux petites excavatrices ou aux machines agricoles, am\u00e9liorant ainsi l'efficacit\u00e9 du transfert.<\/li>\n\n\n\n<li>R\u00e9sistance \u00e0 la corrosion et facilit\u00e9 d'entretien<br>R\u00e9sistance \u00e0 la corrosion chimique : Le caoutchouc n'est pas facilement corrod\u00e9 par le sel, l'acide, l'alcali, etc., ce qui le rend adapt\u00e9 \u00e0 une utilisation dans les zones c\u00f4ti\u00e8res ou les usines chimiques.<br>\u2705 Pas de lubrification : Pas besoin d'ajouter fr\u00e9quemment de la graisse lubrifiante comme les chenilles en acier, ce qui r\u00e9duit les co\u00fbts d'entretien.<\/li>\n\n\n\n<li>Adaptabilit\u00e9 \u00e0 des environnements particuliers<br>\u2705 R\u00e9sistance \u00e0 basse temp\u00e9rature : Le caoutchouc de haute qualit\u00e9 conserve son \u00e9lasticit\u00e9 \u00e0 -30 \u2103, \u00e9vitant ainsi les fissures fragiles dans les environnements froids difficiles (tels que l'Europe du Nord, le Canada, etc.).<br>\u2705 Stabilit\u00e9 \u00e0 haute temp\u00e9rature : La formule de caoutchouc r\u00e9sistant \u00e0 la chaleur peut supporter des temp\u00e9ratures de surface de route sup\u00e9rieures \u00e0 100 \u2103 pendant une courte p\u00e9riode (telles que les conditions de pavage d'asphalte).<\/li>\n<\/ol>\n\n\n\n<p><\/p>","protected":false},"featured_media":1118,"template":"","meta":{"_acf_changed":true},"product-category":[17],"class_list":["post-969","product","type-product","status-publish","has-post-thumbnail","hentry","product-category-asphalt-paver-accessories"],"acf":[],"_links":{"self":[{"href":"https:\/\/www.masdtjx.com\/fr\/wp-json\/wp\/v2\/product\/969","targetHints":{"allow":["GET"]}}],"collection":[{"href":"https:\/\/www.masdtjx.com\/fr\/wp-json\/wp\/v2\/product"}],"about":[{"href":"https:\/\/www.masdtjx.com\/fr\/wp-json\/wp\/v2\/types\/product"}],"wp:featuredmedia":[{"embeddable":true,"href":"https:\/\/www.masdtjx.com\/fr\/wp-json\/wp\/v2\/media\/1118"}],"wp:attachment":[{"href":"https:\/\/www.masdtjx.com\/fr\/wp-json\/wp\/v2\/media?parent=969"}],"wp:term":[{"taxonomy":"product-category","embeddable":true,"href":"https:\/\/www.masdtjx.com\/fr\/wp-json\/wp\/v2\/product-category?post=969"}],"curies":[{"name":"wp","href":"https:\/\/api.w.org\/{rel}","templated":true}]}}